{"id":972,"date":"2023-07-24T10:25:05","date_gmt":"2023-07-24T08:25:05","guid":{"rendered":"https:\/\/timbercom.nunsys.net\/products\/veneers\/chapas-de-madera-naturales\/"},"modified":"2024-06-13T11:40:08","modified_gmt":"2024-06-13T09:40:08","slug":"natural-wood-veneers","status":"publish","type":"page","link":"https:\/\/timbercom.com\/en\/products\/veneers\/natural-wood-veneers\/","title":{"rendered":"NATURAL WOOD VENEERS"},"content":{"rendered":"\t\t<div data-elementor-type=\"wp-page\" data-elementor-id=\"972\" class=\"elementor elementor-972 elementor-801\" data-elementor-post-type=\"page\">\n\t\t\t\t\t\t<section class=\"elementor-section elementor-top-section elementor-element elementor-element-c7fe03d elementor-section-boxed elementor-section-height-default elementor-section-height-default\" data-id=\"c7fe03d\" data-element_type=\"section\" data-e-type=\"section\" data-settings=\"{&quot;background_background&quot;:&quot;classic&quot;,&quot;jet_parallax_layout_list&quot;:[]}\">\n\t\t\t\t\t\t<div class=\"elementor-container elementor-column-gap-default\">\n\t\t\t\t\t<div class=\"elementor-column elementor-col-100 elementor-top-column elementor-element elementor-element-3c8018b\" data-id=\"3c8018b\" data-element_type=\"column\" data-e-type=\"column\">\n\t\t\t<div class=\"elementor-widget-wrap elementor-element-populated\">\n\t\t\t\t\t\t<div class=\"elementor-element elementor-element-45ddf1a elementor-widget elementor-widget-spacer\" data-id=\"45ddf1a\" data-element_type=\"widget\" data-e-type=\"widget\" data-widget_type=\"spacer.default\">\n\t\t\t\t<div class=\"elementor-widget-container\">\n\t\t\t\t\t\t\t<div class=\"elementor-spacer\">\n\t\t\t<div class=\"elementor-spacer-inner\"><\/div>\n\t\t<\/div>\n\t\t\t\t\t\t<\/div>\n\t\t\t\t<\/div>\n\t\t\t\t<div class=\"elementor-element elementor-element-333eb72 elementor-widget elementor-widget-breadcrumbs\" data-id=\"333eb72\" data-element_type=\"widget\" data-e-type=\"widget\" data-widget_type=\"breadcrumbs.default\">\n\t\t\t\t<div class=\"elementor-widget-container\">\n\t\t\t\t\t<p id=\"breadcrumbs\"><span><span><a href=\"https:\/\/timbercom.com\/en\/\">Home<\/a><\/span><\/span><\/p>\t\t\t\t<\/div>\n\t\t\t\t<\/div>\n\t\t\t\t<div class=\"elementor-element elementor-element-c608c7a elementor-widget elementor-widget-spacer\" data-id=\"c608c7a\" data-element_type=\"widget\" data-e-type=\"widget\" data-widget_type=\"spacer.default\">\n\t\t\t\t<div class=\"elementor-widget-container\">\n\t\t\t\t\t\t\t<div class=\"elementor-spacer\">\n\t\t\t<div class=\"elementor-spacer-inner\"><\/div>\n\t\t<\/div>\n\t\t\t\t\t\t<\/div>\n\t\t\t\t<\/div>\n\t\t\t\t\t<\/div>\n\t\t<\/div>\n\t\t\t\t\t<\/div>\n\t\t<\/section>\n\t\t\t\t<section class=\"elementor-section elementor-top-section elementor-element elementor-element-0b6b7e1 elementor-section-boxed elementor-section-height-default elementor-section-height-default\" data-id=\"0b6b7e1\" data-element_type=\"section\" data-e-type=\"section\" data-settings=\"{&quot;jet_parallax_layout_list&quot;:[]}\">\n\t\t\t\t\t\t<div class=\"elementor-container elementor-column-gap-default\">\n\t\t\t\t\t<div class=\"elementor-column elementor-col-100 elementor-top-column elementor-element elementor-element-a21f16c\" data-id=\"a21f16c\" data-element_type=\"column\" data-e-type=\"column\">\n\t\t\t<div class=\"elementor-widget-wrap elementor-element-populated\">\n\t\t\t\t\t\t<div class=\"elementor-element elementor-element-9e5ba99 elementor-widget elementor-widget-spacer\" data-id=\"9e5ba99\" data-element_type=\"widget\" data-e-type=\"widget\" data-widget_type=\"spacer.default\">\n\t\t\t\t<div class=\"elementor-widget-container\">\n\t\t\t\t\t\t\t<div class=\"elementor-spacer\">\n\t\t\t<div class=\"elementor-spacer-inner\"><\/div>\n\t\t<\/div>\n\t\t\t\t\t\t<\/div>\n\t\t\t\t<\/div>\n\t\t\t\t\t<\/div>\n\t\t<\/div>\n\t\t\t\t\t<\/div>\n\t\t<\/section>\n\t\t\t\t<section class=\"elementor-section elementor-top-section elementor-element elementor-element-15e0b7c elementor-section-boxed elementor-section-height-default elementor-section-height-default\" data-id=\"15e0b7c\" data-element_type=\"section\" data-e-type=\"section\" id=\"tintadas\" data-settings=\"{&quot;jet_parallax_layout_list&quot;:[]}\">\n\t\t\t\t\t\t<div class=\"elementor-container elementor-column-gap-default\">\n\t\t\t\t\t<div class=\"elementor-column elementor-col-100 elementor-top-column elementor-element elementor-element-fc58e27\" data-id=\"fc58e27\" data-element_type=\"column\" data-e-type=\"column\">\n\t\t\t<div class=\"elementor-widget-wrap elementor-element-populated\">\n\t\t\t\t\t\t<div class=\"elementor-element elementor-element-4790915 elementor-widget__width-initial elementor-widget elementor-widget-heading\" data-id=\"4790915\" data-element_type=\"widget\" data-e-type=\"widget\" data-widget_type=\"heading.default\">\n\t\t\t\t<div class=\"elementor-widget-container\">\n\t\t\t\t\t<h1 class=\"elementor-heading-title elementor-size-default\"><b>NATURAL WOOD<\/b>  VENEERS\n\n<\/h1>\t\t\t\t<\/div>\n\t\t\t\t<\/div>\n\t\t\t\t<div class=\"elementor-element elementor-element-9b7a644 elementor-widget-divider--view-line elementor-widget elementor-widget-divider\" data-id=\"9b7a644\" data-element_type=\"widget\" data-e-type=\"widget\" data-widget_type=\"divider.default\">\n\t\t\t\t<div class=\"elementor-widget-container\">\n\t\t\t\t\t\t\t<div class=\"elementor-divider\">\n\t\t\t<span class=\"elementor-divider-separator\">\n\t\t\t\t\t\t<\/span>\n\t\t<\/div>\n\t\t\t\t\t\t<\/div>\n\t\t\t\t<\/div>\n\t\t\t\t<div class=\"elementor-element elementor-element-a596fef elementor-widget elementor-widget-text-editor\" data-id=\"a596fef\" data-element_type=\"widget\" data-e-type=\"widget\" data-widget_type=\"text-editor.default\">\n\t\t\t\t<div class=\"elementor-widget-container\">\n\t\t\t\t\t\t\t\t\t<p>We offer a wide variety of species in stock ready to be used. From the commonly used species to the one-of-a-kind special tree. See our species list.<\/p><p>Contact us to establish your needs and give you, our quotation.<\/p>\t\t\t\t\t\t\t\t<\/div>\n\t\t\t\t<\/div>\n\t\t\t\t<div class=\"elementor-element elementor-element-6ce329e elementor-widget elementor-widget-gallery\" data-id=\"6ce329e\" data-element_type=\"widget\" data-e-type=\"widget\" data-settings=\"{&quot;columns&quot;:3,&quot;lazyload&quot;:&quot;yes&quot;,&quot;gallery_layout&quot;:&quot;grid&quot;,&quot;columns_tablet&quot;:2,&quot;columns_mobile&quot;:1,&quot;gap&quot;:{&quot;unit&quot;:&quot;px&quot;,&quot;size&quot;:10,&quot;sizes&quot;:[]},&quot;gap_tablet&quot;:{&quot;unit&quot;:&quot;px&quot;,&quot;size&quot;:10,&quot;sizes&quot;:[]},&quot;gap_mobile&quot;:{&quot;unit&quot;:&quot;px&quot;,&quot;size&quot;:10,&quot;sizes&quot;:[]},&quot;link_to&quot;:&quot;file&quot;,&quot;aspect_ratio&quot;:&quot;3:2&quot;,&quot;overlay_background&quot;:&quot;yes&quot;,&quot;content_hover_animation&quot;:&quot;fade-in&quot;}\" data-widget_type=\"gallery.default\">\n\t\t\t\t<div class=\"elementor-widget-container\">\n\t\t\t\t\t\t\t<div class=\"elementor-gallery__container\">\n\t\t\t\t\t\t\t<a class=\"e-gallery-item elementor-gallery-item elementor-animated-content\" href=\"https:\/\/timbercom.com\/wp-content\/uploads\/2023\/07\/Especies07-1.jpg\" data-elementor-open-lightbox=\"yes\" data-elementor-lightbox-slideshow=\"6ce329e\" data-elementor-lightbox-title=\"Especies07\" data-e-action-hash=\"#elementor-action%3Aaction%3Dlightbox%26settings%3DeyJpZCI6MTE0NiwidXJsIjoiaHR0cHM6XC9cL3RpbWJlcmNvbS5jb21cL3dwLWNvbnRlbnRcL3VwbG9hZHNcLzIwMjNcLzA3XC9Fc3BlY2llczA3LTEuanBnIiwic2xpZGVzaG93IjoiNmNlMzI5ZSJ9\">\n\t\t\t\t\t<div class=\"e-gallery-image elementor-gallery-item__image\" data-thumbnail=\"https:\/\/timbercom.com\/wp-content\/uploads\/2023\/07\/Especies07-1.jpg\" data-width=\"1280\" data-height=\"720\" aria-label=\"\" role=\"img\" ><\/div>\n\t\t\t\t\t\t\t\t\t\t\t<div class=\"elementor-gallery-item__overlay\"><\/div>\n\t\t\t\t\t\t\t\t\t\t\t\t\t\t<\/a>\n\t\t\t\t\t\t\t<a class=\"e-gallery-item elementor-gallery-item elementor-animated-content\" href=\"https:\/\/timbercom.com\/wp-content\/uploads\/2023\/07\/Especies01-1.jpg\" data-elementor-open-lightbox=\"yes\" data-elementor-lightbox-slideshow=\"6ce329e\" data-elementor-lightbox-title=\"Especies01\" data-e-action-hash=\"#elementor-action%3Aaction%3Dlightbox%26settings%3DeyJpZCI6MTE0OCwidXJsIjoiaHR0cHM6XC9cL3RpbWJlcmNvbS5jb21cL3dwLWNvbnRlbnRcL3VwbG9hZHNcLzIwMjNcLzA3XC9Fc3BlY2llczAxLTEuanBnIiwic2xpZGVzaG93IjoiNmNlMzI5ZSJ9\">\n\t\t\t\t\t<div class=\"e-gallery-image elementor-gallery-item__image\" data-thumbnail=\"https:\/\/timbercom.com\/wp-content\/uploads\/2023\/07\/Especies01-1.jpg\" data-width=\"1280\" data-height=\"720\" aria-label=\"\" role=\"img\" ><\/div>\n\t\t\t\t\t\t\t\t\t\t\t<div class=\"elementor-gallery-item__overlay\"><\/div>\n\t\t\t\t\t\t\t\t\t\t\t\t\t\t<\/a>\n\t\t\t\t\t\t\t<a class=\"e-gallery-item elementor-gallery-item elementor-animated-content\" href=\"https:\/\/timbercom.com\/wp-content\/uploads\/2023\/07\/Especies02-1.jpg\" data-elementor-open-lightbox=\"yes\" data-elementor-lightbox-slideshow=\"6ce329e\" data-elementor-lightbox-title=\"Especies02\" data-e-action-hash=\"#elementor-action%3Aaction%3Dlightbox%26settings%3DeyJpZCI6MTE1MCwidXJsIjoiaHR0cHM6XC9cL3RpbWJlcmNvbS5jb21cL3dwLWNvbnRlbnRcL3VwbG9hZHNcLzIwMjNcLzA3XC9Fc3BlY2llczAyLTEuanBnIiwic2xpZGVzaG93IjoiNmNlMzI5ZSJ9\">\n\t\t\t\t\t<div class=\"e-gallery-image elementor-gallery-item__image\" data-thumbnail=\"https:\/\/timbercom.com\/wp-content\/uploads\/2023\/07\/Especies02-1.jpg\" data-width=\"1280\" data-height=\"720\" aria-label=\"\" role=\"img\" ><\/div>\n\t\t\t\t\t\t\t\t\t\t\t<div class=\"elementor-gallery-item__overlay\"><\/div>\n\t\t\t\t\t\t\t\t\t\t\t\t\t\t<\/a>\n\t\t\t\t\t\t\t<a class=\"e-gallery-item elementor-gallery-item elementor-animated-content\" href=\"https:\/\/timbercom.com\/wp-content\/uploads\/2023\/07\/Especies03-1.jpg\" data-elementor-open-lightbox=\"yes\" data-elementor-lightbox-slideshow=\"6ce329e\" data-elementor-lightbox-title=\"Especies03\" data-e-action-hash=\"#elementor-action%3Aaction%3Dlightbox%26settings%3DeyJpZCI6MTE1MiwidXJsIjoiaHR0cHM6XC9cL3RpbWJlcmNvbS5jb21cL3dwLWNvbnRlbnRcL3VwbG9hZHNcLzIwMjNcLzA3XC9Fc3BlY2llczAzLTEuanBnIiwic2xpZGVzaG93IjoiNmNlMzI5ZSJ9\">\n\t\t\t\t\t<div class=\"e-gallery-image elementor-gallery-item__image\" data-thumbnail=\"https:\/\/timbercom.com\/wp-content\/uploads\/2023\/07\/Especies03-1.jpg\" data-width=\"1280\" data-height=\"720\" aria-label=\"\" role=\"img\" ><\/div>\n\t\t\t\t\t\t\t\t\t\t\t<div class=\"elementor-gallery-item__overlay\"><\/div>\n\t\t\t\t\t\t\t\t\t\t\t\t\t\t<\/a>\n\t\t\t\t\t\t\t<a class=\"e-gallery-item elementor-gallery-item elementor-animated-content\" href=\"https:\/\/timbercom.com\/wp-content\/uploads\/2024\/05\/Especies05_Eng.jpg\" data-elementor-open-lightbox=\"yes\" data-elementor-lightbox-slideshow=\"6ce329e\" data-elementor-lightbox-title=\"Especies05_Eng\" data-e-action-hash=\"#elementor-action%3Aaction%3Dlightbox%26settings%3DeyJpZCI6MTM2MCwidXJsIjoiaHR0cHM6XC9cL3RpbWJlcmNvbS5jb21cL3dwLWNvbnRlbnRcL3VwbG9hZHNcLzIwMjRcLzA1XC9Fc3BlY2llczA1X0VuZy5qcGciLCJzbGlkZXNob3ciOiI2Y2UzMjllIn0%3D\">\n\t\t\t\t\t<div class=\"e-gallery-image elementor-gallery-item__image\" data-thumbnail=\"https:\/\/timbercom.com\/wp-content\/uploads\/2024\/05\/Especies05_Eng.jpg\" data-width=\"1280\" data-height=\"720\" aria-label=\"\" role=\"img\" ><\/div>\n\t\t\t\t\t\t\t\t\t\t\t<div class=\"elementor-gallery-item__overlay\"><\/div>\n\t\t\t\t\t\t\t\t\t\t\t\t\t\t<\/a>\n\t\t\t\t\t\t\t<a class=\"e-gallery-item elementor-gallery-item elementor-animated-content\" href=\"https:\/\/timbercom.com\/wp-content\/uploads\/2023\/07\/Especies04-1.jpg\" data-elementor-open-lightbox=\"yes\" data-elementor-lightbox-slideshow=\"6ce329e\" data-elementor-lightbox-title=\"Especies04\" data-e-action-hash=\"#elementor-action%3Aaction%3Dlightbox%26settings%3DeyJpZCI6MTE1NCwidXJsIjoiaHR0cHM6XC9cL3RpbWJlcmNvbS5jb21cL3dwLWNvbnRlbnRcL3VwbG9hZHNcLzIwMjNcLzA3XC9Fc3BlY2llczA0LTEuanBnIiwic2xpZGVzaG93IjoiNmNlMzI5ZSJ9\">\n\t\t\t\t\t<div class=\"e-gallery-image elementor-gallery-item__image\" data-thumbnail=\"https:\/\/timbercom.com\/wp-content\/uploads\/2023\/07\/Especies04-1.jpg\" data-width=\"1280\" data-height=\"720\" aria-label=\"\" role=\"img\" ><\/div>\n\t\t\t\t\t\t\t\t\t\t\t<div class=\"elementor-gallery-item__overlay\"><\/div>\n\t\t\t\t\t\t\t\t\t\t\t\t\t\t<\/a>\n\t\t\t\t\t\t\t<a class=\"e-gallery-item elementor-gallery-item elementor-animated-content\" href=\"https:\/\/timbercom.com\/wp-content\/uploads\/2023\/07\/Especies06-1.jpg\" data-elementor-open-lightbox=\"yes\" data-elementor-lightbox-slideshow=\"6ce329e\" data-elementor-lightbox-title=\"Especies06\" data-e-action-hash=\"#elementor-action%3Aaction%3Dlightbox%26settings%3DeyJpZCI6MTE1OCwidXJsIjoiaHR0cHM6XC9cL3RpbWJlcmNvbS5jb21cL3dwLWNvbnRlbnRcL3VwbG9hZHNcLzIwMjNcLzA3XC9Fc3BlY2llczA2LTEuanBnIiwic2xpZGVzaG93IjoiNmNlMzI5ZSJ9\">\n\t\t\t\t\t<div class=\"e-gallery-image elementor-gallery-item__image\" data-thumbnail=\"https:\/\/timbercom.com\/wp-content\/uploads\/2023\/07\/Especies06-1.jpg\" data-width=\"1280\" data-height=\"720\" aria-label=\"\" role=\"img\" ><\/div>\n\t\t\t\t\t\t\t\t\t\t\t<div class=\"elementor-gallery-item__overlay\"><\/div>\n\t\t\t\t\t\t\t\t\t\t\t\t\t\t<\/a>\n\t\t\t\t\t<\/div>\n\t\t\t\t\t<\/div>\n\t\t\t\t<\/div>\n\t\t\t\t\t<\/div>\n\t\t<\/div>\n\t\t\t\t\t<\/div>\n\t\t<\/section>\n\t\t\t\t<section class=\"elementor-section elementor-top-section elementor-element elementor-element-2e3fe81 elementor-section-boxed elementor-section-height-default elementor-section-height-default\" data-id=\"2e3fe81\" data-element_type=\"section\" data-e-type=\"section\" data-settings=\"{&quot;jet_parallax_layout_list&quot;:[]}\">\n\t\t\t\t\t\t<div class=\"elementor-container elementor-column-gap-default\">\n\t\t\t\t\t<div class=\"elementor-column elementor-col-100 elementor-top-column elementor-element elementor-element-1dc0a14\" data-id=\"1dc0a14\" data-element_type=\"column\" data-e-type=\"column\">\n\t\t\t<div class=\"elementor-widget-wrap elementor-element-populated\">\n\t\t\t\t\t\t<div class=\"elementor-element elementor-element-adca973 elementor-widget elementor-widget-spacer\" data-id=\"adca973\" data-element_type=\"widget\" data-e-type=\"widget\" data-widget_type=\"spacer.default\">\n\t\t\t\t<div class=\"elementor-widget-container\">\n\t\t\t\t\t\t\t<div class=\"elementor-spacer\">\n\t\t\t<div class=\"elementor-spacer-inner\"><\/div>\n\t\t<\/div>\n\t\t\t\t\t\t<\/div>\n\t\t\t\t<\/div>\n\t\t\t\t\t<\/div>\n\t\t<\/div>\n\t\t\t\t\t<\/div>\n\t\t<\/section>\n\t\t\t\t<\/div>\n\t\t","protected":false},"excerpt":{"rendered":"<p>NATURAL WOOD VENEERS We offer a wide variety of species in stock ready to be used. From the commonly used species to the one-of-a-kind special tree. See our species list. Contact us to establish your needs and give you, our quotation.<\/p>\n","protected":false},"author":1,"featured_media":0,"parent":956,"menu_order":0,"comment_status":"closed","ping_status":"closed","template":"elementor_header_footer","meta":{"footnotes":""},"class_list":["post-972","page","type-page","status-publish","hentry"],"yoast_head":"<!-- This site is optimized with the Yoast SEO plugin v27.2 - https:\/\/yoast.com\/product\/yoast-seo-wordpress\/ -->\n<title>NATURAL WOOD VENEERS - TIMBERCOM - CHAPAS Y MADERAS<\/title>\n<meta name=\"robots\" content=\"index, follow, max-snippet:-1, max-image-preview:large, max-video-preview:-1\" \/>\n<link rel=\"canonical\" href=\"https:\/\/timbercom.com\/en\/products\/veneers\/natural-wood-veneers\/\" \/>\n<meta property=\"og:locale\" content=\"en_US\" \/>\n<meta property=\"og:type\" content=\"article\" \/>\n<meta property=\"og:title\" content=\"NATURAL WOOD VENEERS - TIMBERCOM - CHAPAS Y MADERAS\" \/>\n<meta property=\"og:description\" content=\"NATURAL WOOD VENEERS We offer a wide variety of species in stock ready to be used. From the commonly used species to the one-of-a-kind special tree. See our species list. Contact us to establish your needs and give you, our quotation.\" \/>\n<meta property=\"og:url\" content=\"https:\/\/timbercom.com\/en\/products\/veneers\/natural-wood-veneers\/\" \/>\n<meta property=\"og:site_name\" content=\"TIMBERCOM - CHAPAS Y MADERAS\" \/>\n<meta property=\"article:modified_time\" content=\"2024-06-13T09:40:08+00:00\" \/>\n<meta name=\"twitter:card\" content=\"summary_large_image\" \/>\n<meta name=\"twitter:label1\" content=\"Est. reading time\" \/>\n\t<meta name=\"twitter:data1\" content=\"1 minute\" \/>\n<script type=\"application\/ld+json\" class=\"yoast-schema-graph\">{\"@context\":\"https:\/\/schema.org\",\"@graph\":[{\"@type\":\"WebPage\",\"@id\":\"https:\/\/timbercom.com\/en\/products\/veneers\/natural-wood-veneers\/\",\"url\":\"https:\/\/timbercom.com\/en\/products\/veneers\/natural-wood-veneers\/\",\"name\":\"NATURAL WOOD VENEERS - TIMBERCOM - CHAPAS Y MADERAS\",\"isPartOf\":{\"@id\":\"https:\/\/timbercom.com\/#website\"},\"datePublished\":\"2023-07-24T08:25:05+00:00\",\"dateModified\":\"2024-06-13T09:40:08+00:00\",\"breadcrumb\":{\"@id\":\"https:\/\/timbercom.com\/en\/products\/veneers\/natural-wood-veneers\/#breadcrumb\"},\"inLanguage\":\"en-US\",\"potentialAction\":[{\"@type\":\"ReadAction\",\"target\":[\"https:\/\/timbercom.com\/en\/products\/veneers\/natural-wood-veneers\/\"]}]},{\"@type\":\"BreadcrumbList\",\"@id\":\"https:\/\/timbercom.com\/en\/products\/veneers\/natural-wood-veneers\/#breadcrumb\",\"itemListElement\":[{\"@type\":\"ListItem\",\"position\":1,\"name\":\"Home\",\"item\":\"https:\/\/timbercom.com\/en\/\"},{\"@type\":\"ListItem\",\"position\":2,\"name\":\"PRODUCTS\",\"item\":\"https:\/\/timbercom.com\/productos\/\"},{\"@type\":\"ListItem\",\"position\":3,\"name\":\"VENEERS\",\"item\":\"https:\/\/timbercom.com\/en\/products\/veneers\/\"},{\"@type\":\"ListItem\",\"position\":4,\"name\":\"NATURAL WOOD VENEERS\"}]},{\"@type\":\"WebSite\",\"@id\":\"https:\/\/timbercom.com\/#website\",\"url\":\"https:\/\/timbercom.com\/\",\"name\":\"TIMBERCOM - CHAPAS Y MADERAS\",\"description\":\"Productores de todo tipo de chapas de madera, decorativas y ex\u00f3ticas, procedentes de todo el mundo. Para su uso en puertas, paneles, muebles, dise\u00f1o interior, arquitectura,suministramos chapas, tabl\u00f3n y troncos.\",\"publisher\":{\"@id\":\"https:\/\/timbercom.com\/#organization\"},\"potentialAction\":[{\"@type\":\"SearchAction\",\"target\":{\"@type\":\"EntryPoint\",\"urlTemplate\":\"https:\/\/timbercom.com\/?s={search_term_string}\"},\"query-input\":{\"@type\":\"PropertyValueSpecification\",\"valueRequired\":true,\"valueName\":\"search_term_string\"}}],\"inLanguage\":\"en-US\"},{\"@type\":\"Organization\",\"@id\":\"https:\/\/timbercom.com\/#organization\",\"name\":\"TIMBERCOM - CHAPAS Y MADERAS\",\"url\":\"https:\/\/timbercom.com\/\",\"logo\":{\"@type\":\"ImageObject\",\"inLanguage\":\"en-US\",\"@id\":\"https:\/\/timbercom.com\/#\/schema\/logo\/image\/\",\"url\":\"https:\/\/timbercom.com\/wp-content\/uploads\/2023\/05\/logo_timbercom.png\",\"contentUrl\":\"https:\/\/timbercom.com\/wp-content\/uploads\/2023\/05\/logo_timbercom.png\",\"width\":149,\"height\":124,\"caption\":\"TIMBERCOM - CHAPAS Y MADERAS\"},\"image\":{\"@id\":\"https:\/\/timbercom.com\/#\/schema\/logo\/image\/\"}}]}<\/script>\n<!-- \/ Yoast SEO plugin. -->","yoast_head_json":{"title":"NATURAL WOOD VENEERS - TIMBERCOM - CHAPAS Y MADERAS","robots":{"index":"index","follow":"follow","max-snippet":"max-snippet:-1","max-image-preview":"max-image-preview:large","max-video-preview":"max-video-preview:-1"},"canonical":"https:\/\/timbercom.com\/en\/products\/veneers\/natural-wood-veneers\/","og_locale":"en_US","og_type":"article","og_title":"NATURAL WOOD VENEERS - TIMBERCOM - CHAPAS Y MADERAS","og_description":"NATURAL WOOD VENEERS We offer a wide variety of species in stock ready to be used. From the commonly used species to the one-of-a-kind special tree. See our species list. Contact us to establish your needs and give you, our quotation.","og_url":"https:\/\/timbercom.com\/en\/products\/veneers\/natural-wood-veneers\/","og_site_name":"TIMBERCOM - CHAPAS Y MADERAS","article_modified_time":"2024-06-13T09:40:08+00:00","twitter_card":"summary_large_image","twitter_misc":{"Est. reading time":"1 minute"},"schema":{"@context":"https:\/\/schema.org","@graph":[{"@type":"WebPage","@id":"https:\/\/timbercom.com\/en\/products\/veneers\/natural-wood-veneers\/","url":"https:\/\/timbercom.com\/en\/products\/veneers\/natural-wood-veneers\/","name":"NATURAL WOOD VENEERS - TIMBERCOM - CHAPAS Y MADERAS","isPartOf":{"@id":"https:\/\/timbercom.com\/#website"},"datePublished":"2023-07-24T08:25:05+00:00","dateModified":"2024-06-13T09:40:08+00:00","breadcrumb":{"@id":"https:\/\/timbercom.com\/en\/products\/veneers\/natural-wood-veneers\/#breadcrumb"},"inLanguage":"en-US","potentialAction":[{"@type":"ReadAction","target":["https:\/\/timbercom.com\/en\/products\/veneers\/natural-wood-veneers\/"]}]},{"@type":"BreadcrumbList","@id":"https:\/\/timbercom.com\/en\/products\/veneers\/natural-wood-veneers\/#breadcrumb","itemListElement":[{"@type":"ListItem","position":1,"name":"Home","item":"https:\/\/timbercom.com\/en\/"},{"@type":"ListItem","position":2,"name":"PRODUCTS","item":"https:\/\/timbercom.com\/productos\/"},{"@type":"ListItem","position":3,"name":"VENEERS","item":"https:\/\/timbercom.com\/en\/products\/veneers\/"},{"@type":"ListItem","position":4,"name":"NATURAL WOOD VENEERS"}]},{"@type":"WebSite","@id":"https:\/\/timbercom.com\/#website","url":"https:\/\/timbercom.com\/","name":"TIMBERCOM - CHAPAS Y MADERAS","description":"Productores de todo tipo de chapas de madera, decorativas y ex\u00f3ticas, procedentes de todo el mundo. Para su uso en puertas, paneles, muebles, dise\u00f1o interior, arquitectura,suministramos chapas, tabl\u00f3n y troncos.","publisher":{"@id":"https:\/\/timbercom.com\/#organization"},"potentialAction":[{"@type":"SearchAction","target":{"@type":"EntryPoint","urlTemplate":"https:\/\/timbercom.com\/?s={search_term_string}"},"query-input":{"@type":"PropertyValueSpecification","valueRequired":true,"valueName":"search_term_string"}}],"inLanguage":"en-US"},{"@type":"Organization","@id":"https:\/\/timbercom.com\/#organization","name":"TIMBERCOM - CHAPAS Y MADERAS","url":"https:\/\/timbercom.com\/","logo":{"@type":"ImageObject","inLanguage":"en-US","@id":"https:\/\/timbercom.com\/#\/schema\/logo\/image\/","url":"https:\/\/timbercom.com\/wp-content\/uploads\/2023\/05\/logo_timbercom.png","contentUrl":"https:\/\/timbercom.com\/wp-content\/uploads\/2023\/05\/logo_timbercom.png","width":149,"height":124,"caption":"TIMBERCOM - CHAPAS Y MADERAS"},"image":{"@id":"https:\/\/timbercom.com\/#\/schema\/logo\/image\/"}}]}},"_links":{"self":[{"href":"https:\/\/timbercom.com\/en\/wp-json\/wp\/v2\/pages\/972","targetHints":{"allow":["GET"]}}],"collection":[{"href":"https:\/\/timbercom.com\/en\/wp-json\/wp\/v2\/pages"}],"about":[{"href":"https:\/\/timbercom.com\/en\/wp-json\/wp\/v2\/types\/page"}],"author":[{"embeddable":true,"href":"https:\/\/timbercom.com\/en\/wp-json\/wp\/v2\/users\/1"}],"replies":[{"embeddable":true,"href":"https:\/\/timbercom.com\/en\/wp-json\/wp\/v2\/comments?post=972"}],"version-history":[{"count":10,"href":"https:\/\/timbercom.com\/en\/wp-json\/wp\/v2\/pages\/972\/revisions"}],"predecessor-version":[{"id":1378,"href":"https:\/\/timbercom.com\/en\/wp-json\/wp\/v2\/pages\/972\/revisions\/1378"}],"up":[{"embeddable":true,"href":"https:\/\/timbercom.com\/en\/wp-json\/wp\/v2\/pages\/956"}],"wp:attachment":[{"href":"https:\/\/timbercom.com\/en\/wp-json\/wp\/v2\/media?parent=972"}],"curies":[{"name":"wp","href":"https:\/\/api.w.org\/{rel}","templated":true}]}}