{"id":967,"date":"2023-07-24T10:56:54","date_gmt":"2023-07-24T08:56:54","guid":{"rendered":"https:\/\/timbercom.nunsys.net\/products\/veneer-boards-and-3d-panels\/tableros-rechapados\/"},"modified":"2023-08-03T10:38:10","modified_gmt":"2023-08-03T08:38:10","slug":"veneered-boards","status":"publish","type":"page","link":"https:\/\/timbercom.com\/en\/products\/veneer-boards-and-3d-panels\/veneered-boards\/","title":{"rendered":"VENEERED BOARDS"},"content":{"rendered":"\t\t<div data-elementor-type=\"wp-page\" data-elementor-id=\"967\" class=\"elementor elementor-967 elementor-867\" data-elementor-post-type=\"page\">\n\t\t\t\t\t\t<section class=\"elementor-section elementor-top-section elementor-element elementor-element-c7fe03d elementor-section-boxed elementor-section-height-default elementor-section-height-default\" data-id=\"c7fe03d\" data-element_type=\"section\" data-e-type=\"section\" data-settings=\"{&quot;background_background&quot;:&quot;classic&quot;,&quot;jet_parallax_layout_list&quot;:[]}\">\n\t\t\t\t\t\t<div class=\"elementor-container elementor-column-gap-default\">\n\t\t\t\t\t<div class=\"elementor-column elementor-col-100 elementor-top-column elementor-element elementor-element-3c8018b\" data-id=\"3c8018b\" data-element_type=\"column\" data-e-type=\"column\">\n\t\t\t<div class=\"elementor-widget-wrap elementor-element-populated\">\n\t\t\t\t\t\t<div class=\"elementor-element elementor-element-45ddf1a elementor-widget elementor-widget-spacer\" data-id=\"45ddf1a\" data-element_type=\"widget\" data-e-type=\"widget\" data-widget_type=\"spacer.default\">\n\t\t\t\t<div class=\"elementor-widget-container\">\n\t\t\t\t\t\t\t<div class=\"elementor-spacer\">\n\t\t\t<div class=\"elementor-spacer-inner\"><\/div>\n\t\t<\/div>\n\t\t\t\t\t\t<\/div>\n\t\t\t\t<\/div>\n\t\t\t\t<div class=\"elementor-element elementor-element-333eb72 elementor-widget elementor-widget-breadcrumbs\" data-id=\"333eb72\" data-element_type=\"widget\" data-e-type=\"widget\" data-widget_type=\"breadcrumbs.default\">\n\t\t\t\t<div class=\"elementor-widget-container\">\n\t\t\t\t\t<p id=\"breadcrumbs\"><span><span><a href=\"https:\/\/timbercom.com\/en\/\">Home<\/a><\/span><\/span><\/p>\t\t\t\t<\/div>\n\t\t\t\t<\/div>\n\t\t\t\t<div class=\"elementor-element elementor-element-c608c7a elementor-widget elementor-widget-spacer\" data-id=\"c608c7a\" data-element_type=\"widget\" data-e-type=\"widget\" data-widget_type=\"spacer.default\">\n\t\t\t\t<div class=\"elementor-widget-container\">\n\t\t\t\t\t\t\t<div class=\"elementor-spacer\">\n\t\t\t<div class=\"elementor-spacer-inner\"><\/div>\n\t\t<\/div>\n\t\t\t\t\t\t<\/div>\n\t\t\t\t<\/div>\n\t\t\t\t\t<\/div>\n\t\t<\/div>\n\t\t\t\t\t<\/div>\n\t\t<\/section>\n\t\t\t\t<section class=\"elementor-section elementor-top-section elementor-element elementor-element-0b6b7e1 elementor-section-boxed elementor-section-height-default elementor-section-height-default\" data-id=\"0b6b7e1\" data-element_type=\"section\" data-e-type=\"section\" data-settings=\"{&quot;jet_parallax_layout_list&quot;:[]}\">\n\t\t\t\t\t\t<div class=\"elementor-container elementor-column-gap-default\">\n\t\t\t\t\t<div class=\"elementor-column elementor-col-100 elementor-top-column elementor-element elementor-element-a21f16c\" data-id=\"a21f16c\" data-element_type=\"column\" data-e-type=\"column\">\n\t\t\t<div class=\"elementor-widget-wrap elementor-element-populated\">\n\t\t\t\t\t\t<div class=\"elementor-element elementor-element-9e5ba99 elementor-widget elementor-widget-spacer\" data-id=\"9e5ba99\" data-element_type=\"widget\" data-e-type=\"widget\" data-widget_type=\"spacer.default\">\n\t\t\t\t<div class=\"elementor-widget-container\">\n\t\t\t\t\t\t\t<div class=\"elementor-spacer\">\n\t\t\t<div class=\"elementor-spacer-inner\"><\/div>\n\t\t<\/div>\n\t\t\t\t\t\t<\/div>\n\t\t\t\t<\/div>\n\t\t\t\t\t<\/div>\n\t\t<\/div>\n\t\t\t\t\t<\/div>\n\t\t<\/section>\n\t\t\t\t<section class=\"elementor-section elementor-top-section elementor-element elementor-element-d7862f3 elementor-section-boxed elementor-section-height-default elementor-section-height-default\" data-id=\"d7862f3\" data-element_type=\"section\" data-e-type=\"section\" data-settings=\"{&quot;jet_parallax_layout_list&quot;:[]}\">\n\t\t\t\t\t\t<div class=\"elementor-container elementor-column-gap-default\">\n\t\t\t\t\t<div class=\"elementor-column elementor-col-100 elementor-top-column elementor-element elementor-element-0516b5b\" data-id=\"0516b5b\" data-element_type=\"column\" data-e-type=\"column\">\n\t\t\t<div class=\"elementor-widget-wrap elementor-element-populated\">\n\t\t\t\t\t\t<div class=\"elementor-element elementor-element-f7b1fc4 elementor-widget__width-initial elementor-widget elementor-widget-heading\" data-id=\"f7b1fc4\" data-element_type=\"widget\" data-e-type=\"widget\" data-widget_type=\"heading.default\">\n\t\t\t\t<div class=\"elementor-widget-container\">\n\t\t\t\t\t<h1 class=\"elementor-heading-title elementor-size-default\">VENEERED <b>BOARDS<\/b>\n\n<\/h1>\t\t\t\t<\/div>\n\t\t\t\t<\/div>\n\t\t\t\t<div class=\"elementor-element elementor-element-679ead2 elementor-widget-divider--view-line elementor-widget elementor-widget-divider\" data-id=\"679ead2\" data-element_type=\"widget\" data-e-type=\"widget\" data-widget_type=\"divider.default\">\n\t\t\t\t<div class=\"elementor-widget-container\">\n\t\t\t\t\t\t\t<div class=\"elementor-divider\">\n\t\t\t<span class=\"elementor-divider-separator\">\n\t\t\t\t\t\t<\/span>\n\t\t<\/div>\n\t\t\t\t\t\t<\/div>\n\t\t\t\t<\/div>\n\t\t\t\t<div class=\"elementor-element elementor-element-2636456 elementor-widget elementor-widget-text-editor\" data-id=\"2636456\" data-element_type=\"widget\" data-e-type=\"widget\" data-widget_type=\"text-editor.default\">\n\t\t\t\t<div class=\"elementor-widget-container\">\n\t\t\t\t\t\t\t\t\t<p>If our customer wants a complete service for his project, we can supply the boards already veneered with the faces we have made for him and in the specified size. The surface of the boards is delivered pre-sanded, ready for the subsequent varnishing and finishing phase.<\/p><p>Contact us to establish your needs and give you, our quotation.<\/p>\t\t\t\t\t\t\t\t<\/div>\n\t\t\t\t<\/div>\n\t\t\t\t\t<\/div>\n\t\t<\/div>\n\t\t\t\t\t<\/div>\n\t\t<\/section>\n\t\t\t\t<section class=\"elementor-section elementor-top-section elementor-element elementor-element-f2505c7 elementor-section-boxed elementor-section-height-default elementor-section-height-default\" data-id=\"f2505c7\" data-element_type=\"section\" data-e-type=\"section\" id=\"ahumadas\" data-settings=\"{&quot;jet_parallax_layout_list&quot;:[]}\">\n\t\t\t\t\t\t<div class=\"elementor-container elementor-column-gap-default\">\n\t\t\t\t\t<div class=\"elementor-column elementor-col-100 elementor-top-column elementor-element elementor-element-8bacfa9\" data-id=\"8bacfa9\" data-element_type=\"column\" data-e-type=\"column\">\n\t\t\t<div class=\"elementor-widget-wrap\">\n\t\t\t\t\t\t\t<\/div>\n\t\t<\/div>\n\t\t\t\t\t<\/div>\n\t\t<\/section>\n\t\t\t\t<section class=\"elementor-section elementor-top-section elementor-element elementor-element-7630fbf elementor-section-boxed elementor-section-height-default elementor-section-height-default\" data-id=\"7630fbf\" data-element_type=\"section\" data-e-type=\"section\" data-settings=\"{&quot;jet_parallax_layout_list&quot;:[]}\">\n\t\t\t\t\t\t<div class=\"elementor-container elementor-column-gap-default\">\n\t\t\t\t\t<div class=\"elementor-column elementor-col-100 elementor-top-column elementor-element elementor-element-f753260\" data-id=\"f753260\" data-element_type=\"column\" data-e-type=\"column\">\n\t\t\t<div class=\"elementor-widget-wrap elementor-element-populated\">\n\t\t\t\t\t\t<div class=\"elementor-element elementor-element-0423db0 elementor-widget elementor-widget-spacer\" data-id=\"0423db0\" data-element_type=\"widget\" data-e-type=\"widget\" data-widget_type=\"spacer.default\">\n\t\t\t\t<div class=\"elementor-widget-container\">\n\t\t\t\t\t\t\t<div class=\"elementor-spacer\">\n\t\t\t<div class=\"elementor-spacer-inner\"><\/div>\n\t\t<\/div>\n\t\t\t\t\t\t<\/div>\n\t\t\t\t<\/div>\n\t\t\t\t\t<\/div>\n\t\t<\/div>\n\t\t\t\t\t<\/div>\n\t\t<\/section>\n\t\t\t\t<\/div>\n\t\t","protected":false},"excerpt":{"rendered":"<p>VENEERED BOARDS If our customer wants a complete service for his project, we can supply the boards already veneered with the faces we have made for him and in the specified size. The surface of the boards is delivered pre-sanded, ready for the subsequent varnishing and finishing phase. Contact us to establish your needs and [&hellip;]<\/p>\n","protected":false},"author":1,"featured_media":0,"parent":963,"menu_order":0,"comment_status":"closed","ping_status":"closed","template":"elementor_header_footer","meta":{"footnotes":""},"class_list":["post-967","page","type-page","status-publish","hentry"],"yoast_head":"<!-- This site is optimized with the Yoast SEO plugin v27.2 - https:\/\/yoast.com\/product\/yoast-seo-wordpress\/ -->\n<title>VENEERED BOARDS - TIMBERCOM - CHAPAS Y MADERAS<\/title>\n<meta name=\"robots\" content=\"index, follow, max-snippet:-1, max-image-preview:large, max-video-preview:-1\" \/>\n<link rel=\"canonical\" href=\"https:\/\/timbercom.com\/productos\/tableros-rechapados-y-3d\/tableros-rechapados\/\" \/>\n<meta property=\"og:locale\" content=\"en_US\" \/>\n<meta property=\"og:type\" content=\"article\" \/>\n<meta property=\"og:title\" content=\"VENEERED BOARDS - TIMBERCOM - CHAPAS Y MADERAS\" \/>\n<meta property=\"og:description\" content=\"VENEERED BOARDS If our customer wants a complete service for his project, we can supply the boards already veneered with the faces we have made for him and in the specified size. The surface of the boards is delivered pre-sanded, ready for the subsequent varnishing and finishing phase. Contact us to establish your needs and [&hellip;]\" \/>\n<meta property=\"og:url\" content=\"https:\/\/timbercom.com\/productos\/tableros-rechapados-y-3d\/tableros-rechapados\/\" \/>\n<meta property=\"og:site_name\" content=\"TIMBERCOM - CHAPAS Y MADERAS\" \/>\n<meta property=\"article:modified_time\" content=\"2023-08-03T08:38:10+00:00\" \/>\n<meta name=\"twitter:card\" content=\"summary_large_image\" \/>\n<meta name=\"twitter:label1\" content=\"Est. reading time\" \/>\n\t<meta name=\"twitter:data1\" content=\"1 minute\" \/>\n<script type=\"application\/ld+json\" class=\"yoast-schema-graph\">{\"@context\":\"https:\/\/schema.org\",\"@graph\":[{\"@type\":\"WebPage\",\"@id\":\"https:\/\/timbercom.com\/productos\/tableros-rechapados-y-3d\/tableros-rechapados\/\",\"url\":\"https:\/\/timbercom.com\/productos\/tableros-rechapados-y-3d\/tableros-rechapados\/\",\"name\":\"VENEERED BOARDS - TIMBERCOM - CHAPAS Y MADERAS\",\"isPartOf\":{\"@id\":\"https:\/\/timbercom.com\/#website\"},\"datePublished\":\"2023-07-24T08:56:54+00:00\",\"dateModified\":\"2023-08-03T08:38:10+00:00\",\"breadcrumb\":{\"@id\":\"https:\/\/timbercom.com\/productos\/tableros-rechapados-y-3d\/tableros-rechapados\/#breadcrumb\"},\"inLanguage\":\"en-US\",\"potentialAction\":[{\"@type\":\"ReadAction\",\"target\":[\"https:\/\/timbercom.com\/productos\/tableros-rechapados-y-3d\/tableros-rechapados\/\"]}]},{\"@type\":\"BreadcrumbList\",\"@id\":\"https:\/\/timbercom.com\/productos\/tableros-rechapados-y-3d\/tableros-rechapados\/#breadcrumb\",\"itemListElement\":[{\"@type\":\"ListItem\",\"position\":1,\"name\":\"Home\",\"item\":\"https:\/\/timbercom.com\/en\/\"},{\"@type\":\"ListItem\",\"position\":2,\"name\":\"PRODUCTS\",\"item\":\"https:\/\/timbercom.com\/productos\/\"},{\"@type\":\"ListItem\",\"position\":3,\"name\":\"VENEER BOARDS AND 3D PANELS (Chipboard, MDF, HDF, Plywood)\",\"item\":\"https:\/\/timbercom.com\/productos\/tableros-rechapados-y-3d\/\"},{\"@type\":\"ListItem\",\"position\":4,\"name\":\"VENEERED BOARDS\"}]},{\"@type\":\"WebSite\",\"@id\":\"https:\/\/timbercom.com\/#website\",\"url\":\"https:\/\/timbercom.com\/\",\"name\":\"TIMBERCOM - CHAPAS Y MADERAS\",\"description\":\"Productores de todo tipo de chapas de madera, decorativas y ex\u00f3ticas, procedentes de todo el mundo. Para su uso en puertas, paneles, muebles, dise\u00f1o interior, arquitectura,suministramos chapas, tabl\u00f3n y troncos.\",\"publisher\":{\"@id\":\"https:\/\/timbercom.com\/#organization\"},\"potentialAction\":[{\"@type\":\"SearchAction\",\"target\":{\"@type\":\"EntryPoint\",\"urlTemplate\":\"https:\/\/timbercom.com\/?s={search_term_string}\"},\"query-input\":{\"@type\":\"PropertyValueSpecification\",\"valueRequired\":true,\"valueName\":\"search_term_string\"}}],\"inLanguage\":\"en-US\"},{\"@type\":\"Organization\",\"@id\":\"https:\/\/timbercom.com\/#organization\",\"name\":\"TIMBERCOM - CHAPAS Y MADERAS\",\"url\":\"https:\/\/timbercom.com\/\",\"logo\":{\"@type\":\"ImageObject\",\"inLanguage\":\"en-US\",\"@id\":\"https:\/\/timbercom.com\/#\/schema\/logo\/image\/\",\"url\":\"https:\/\/timbercom.com\/wp-content\/uploads\/2023\/05\/logo_timbercom.png\",\"contentUrl\":\"https:\/\/timbercom.com\/wp-content\/uploads\/2023\/05\/logo_timbercom.png\",\"width\":149,\"height\":124,\"caption\":\"TIMBERCOM - CHAPAS Y MADERAS\"},\"image\":{\"@id\":\"https:\/\/timbercom.com\/#\/schema\/logo\/image\/\"}}]}<\/script>\n<!-- \/ Yoast SEO plugin. -->","yoast_head_json":{"title":"VENEERED BOARDS - TIMBERCOM - CHAPAS Y MADERAS","robots":{"index":"index","follow":"follow","max-snippet":"max-snippet:-1","max-image-preview":"max-image-preview:large","max-video-preview":"max-video-preview:-1"},"canonical":"https:\/\/timbercom.com\/productos\/tableros-rechapados-y-3d\/tableros-rechapados\/","og_locale":"en_US","og_type":"article","og_title":"VENEERED BOARDS - TIMBERCOM - CHAPAS Y MADERAS","og_description":"VENEERED BOARDS If our customer wants a complete service for his project, we can supply the boards already veneered with the faces we have made for him and in the specified size. The surface of the boards is delivered pre-sanded, ready for the subsequent varnishing and finishing phase. Contact us to establish your needs and [&hellip;]","og_url":"https:\/\/timbercom.com\/productos\/tableros-rechapados-y-3d\/tableros-rechapados\/","og_site_name":"TIMBERCOM - CHAPAS Y MADERAS","article_modified_time":"2023-08-03T08:38:10+00:00","twitter_card":"summary_large_image","twitter_misc":{"Est. reading time":"1 minute"},"schema":{"@context":"https:\/\/schema.org","@graph":[{"@type":"WebPage","@id":"https:\/\/timbercom.com\/productos\/tableros-rechapados-y-3d\/tableros-rechapados\/","url":"https:\/\/timbercom.com\/productos\/tableros-rechapados-y-3d\/tableros-rechapados\/","name":"VENEERED BOARDS - TIMBERCOM - CHAPAS Y MADERAS","isPartOf":{"@id":"https:\/\/timbercom.com\/#website"},"datePublished":"2023-07-24T08:56:54+00:00","dateModified":"2023-08-03T08:38:10+00:00","breadcrumb":{"@id":"https:\/\/timbercom.com\/productos\/tableros-rechapados-y-3d\/tableros-rechapados\/#breadcrumb"},"inLanguage":"en-US","potentialAction":[{"@type":"ReadAction","target":["https:\/\/timbercom.com\/productos\/tableros-rechapados-y-3d\/tableros-rechapados\/"]}]},{"@type":"BreadcrumbList","@id":"https:\/\/timbercom.com\/productos\/tableros-rechapados-y-3d\/tableros-rechapados\/#breadcrumb","itemListElement":[{"@type":"ListItem","position":1,"name":"Home","item":"https:\/\/timbercom.com\/en\/"},{"@type":"ListItem","position":2,"name":"PRODUCTS","item":"https:\/\/timbercom.com\/productos\/"},{"@type":"ListItem","position":3,"name":"VENEER BOARDS AND 3D PANELS (Chipboard, MDF, HDF, Plywood)","item":"https:\/\/timbercom.com\/productos\/tableros-rechapados-y-3d\/"},{"@type":"ListItem","position":4,"name":"VENEERED BOARDS"}]},{"@type":"WebSite","@id":"https:\/\/timbercom.com\/#website","url":"https:\/\/timbercom.com\/","name":"TIMBERCOM - CHAPAS Y MADERAS","description":"Productores de todo tipo de chapas de madera, decorativas y ex\u00f3ticas, procedentes de todo el mundo. Para su uso en puertas, paneles, muebles, dise\u00f1o interior, arquitectura,suministramos chapas, tabl\u00f3n y troncos.","publisher":{"@id":"https:\/\/timbercom.com\/#organization"},"potentialAction":[{"@type":"SearchAction","target":{"@type":"EntryPoint","urlTemplate":"https:\/\/timbercom.com\/?s={search_term_string}"},"query-input":{"@type":"PropertyValueSpecification","valueRequired":true,"valueName":"search_term_string"}}],"inLanguage":"en-US"},{"@type":"Organization","@id":"https:\/\/timbercom.com\/#organization","name":"TIMBERCOM - CHAPAS Y MADERAS","url":"https:\/\/timbercom.com\/","logo":{"@type":"ImageObject","inLanguage":"en-US","@id":"https:\/\/timbercom.com\/#\/schema\/logo\/image\/","url":"https:\/\/timbercom.com\/wp-content\/uploads\/2023\/05\/logo_timbercom.png","contentUrl":"https:\/\/timbercom.com\/wp-content\/uploads\/2023\/05\/logo_timbercom.png","width":149,"height":124,"caption":"TIMBERCOM - CHAPAS Y MADERAS"},"image":{"@id":"https:\/\/timbercom.com\/#\/schema\/logo\/image\/"}}]}},"_links":{"self":[{"href":"https:\/\/timbercom.com\/en\/wp-json\/wp\/v2\/pages\/967","targetHints":{"allow":["GET"]}}],"collection":[{"href":"https:\/\/timbercom.com\/en\/wp-json\/wp\/v2\/pages"}],"about":[{"href":"https:\/\/timbercom.com\/en\/wp-json\/wp\/v2\/types\/page"}],"author":[{"embeddable":true,"href":"https:\/\/timbercom.com\/en\/wp-json\/wp\/v2\/users\/1"}],"replies":[{"embeddable":true,"href":"https:\/\/timbercom.com\/en\/wp-json\/wp\/v2\/comments?post=967"}],"version-history":[{"count":7,"href":"https:\/\/timbercom.com\/en\/wp-json\/wp\/v2\/pages\/967\/revisions"}],"predecessor-version":[{"id":1275,"href":"https:\/\/timbercom.com\/en\/wp-json\/wp\/v2\/pages\/967\/revisions\/1275"}],"up":[{"embeddable":true,"href":"https:\/\/timbercom.com\/en\/wp-json\/wp\/v2\/pages\/963"}],"wp:attachment":[{"href":"https:\/\/timbercom.com\/en\/wp-json\/wp\/v2\/media?parent=967"}],"curies":[{"name":"wp","href":"https:\/\/api.w.org\/{rel}","templated":true}]}}