{"id":961,"date":"2023-07-19T10:49:39","date_gmt":"2023-07-19T08:49:39","guid":{"rendered":"https:\/\/timbercom.nunsys.net\/products\/madera-aserrada\/"},"modified":"2023-08-03T10:36:43","modified_gmt":"2023-08-03T08:36:43","slug":"sawn-lumber","status":"publish","type":"page","link":"https:\/\/timbercom.com\/en\/products\/sawn-lumber\/","title":{"rendered":"SAWN LUMBER"},"content":{"rendered":"\t\t<div data-elementor-type=\"wp-page\" data-elementor-id=\"961\" class=\"elementor elementor-961 elementor-657\" data-elementor-post-type=\"page\">\n\t\t\t\t\t\t<section class=\"elementor-section elementor-top-section elementor-element elementor-element-c7fe03d elementor-section-boxed elementor-section-height-default elementor-section-height-default\" data-id=\"c7fe03d\" data-element_type=\"section\" data-e-type=\"section\" data-settings=\"{&quot;background_background&quot;:&quot;classic&quot;,&quot;jet_parallax_layout_list&quot;:[]}\">\n\t\t\t\t\t\t<div class=\"elementor-container elementor-column-gap-default\">\n\t\t\t\t\t<div class=\"elementor-column elementor-col-100 elementor-top-column elementor-element elementor-element-3c8018b\" data-id=\"3c8018b\" data-element_type=\"column\" data-e-type=\"column\">\n\t\t\t<div class=\"elementor-widget-wrap elementor-element-populated\">\n\t\t\t\t\t\t<div class=\"elementor-element elementor-element-45ddf1a elementor-widget elementor-widget-spacer\" data-id=\"45ddf1a\" data-element_type=\"widget\" data-e-type=\"widget\" data-widget_type=\"spacer.default\">\n\t\t\t\t<div class=\"elementor-widget-container\">\n\t\t\t\t\t\t\t<div class=\"elementor-spacer\">\n\t\t\t<div class=\"elementor-spacer-inner\"><\/div>\n\t\t<\/div>\n\t\t\t\t\t\t<\/div>\n\t\t\t\t<\/div>\n\t\t\t\t<div class=\"elementor-element elementor-element-333eb72 elementor-widget elementor-widget-breadcrumbs\" data-id=\"333eb72\" data-element_type=\"widget\" data-e-type=\"widget\" data-widget_type=\"breadcrumbs.default\">\n\t\t\t\t<div class=\"elementor-widget-container\">\n\t\t\t\t\t<p id=\"breadcrumbs\"><span><span><a href=\"https:\/\/timbercom.com\/en\/\">Home<\/a><\/span><\/span><\/p>\t\t\t\t<\/div>\n\t\t\t\t<\/div>\n\t\t\t\t<div class=\"elementor-element elementor-element-c608c7a elementor-widget elementor-widget-spacer\" data-id=\"c608c7a\" data-element_type=\"widget\" data-e-type=\"widget\" data-widget_type=\"spacer.default\">\n\t\t\t\t<div class=\"elementor-widget-container\">\n\t\t\t\t\t\t\t<div class=\"elementor-spacer\">\n\t\t\t<div class=\"elementor-spacer-inner\"><\/div>\n\t\t<\/div>\n\t\t\t\t\t\t<\/div>\n\t\t\t\t<\/div>\n\t\t\t\t\t<\/div>\n\t\t<\/div>\n\t\t\t\t\t<\/div>\n\t\t<\/section>\n\t\t\t\t<section class=\"elementor-section elementor-top-section elementor-element elementor-element-0b6b7e1 elementor-section-boxed elementor-section-height-default elementor-section-height-default\" data-id=\"0b6b7e1\" data-element_type=\"section\" data-e-type=\"section\" data-settings=\"{&quot;jet_parallax_layout_list&quot;:[]}\">\n\t\t\t\t\t\t<div class=\"elementor-container elementor-column-gap-default\">\n\t\t\t\t\t<div class=\"elementor-column elementor-col-100 elementor-top-column elementor-element elementor-element-a21f16c\" data-id=\"a21f16c\" data-element_type=\"column\" data-e-type=\"column\">\n\t\t\t<div class=\"elementor-widget-wrap elementor-element-populated\">\n\t\t\t\t\t\t<div class=\"elementor-element elementor-element-9e5ba99 elementor-widget elementor-widget-spacer\" data-id=\"9e5ba99\" data-element_type=\"widget\" data-e-type=\"widget\" data-widget_type=\"spacer.default\">\n\t\t\t\t<div class=\"elementor-widget-container\">\n\t\t\t\t\t\t\t<div class=\"elementor-spacer\">\n\t\t\t<div class=\"elementor-spacer-inner\"><\/div>\n\t\t<\/div>\n\t\t\t\t\t\t<\/div>\n\t\t\t\t<\/div>\n\t\t\t\t\t<\/div>\n\t\t<\/div>\n\t\t\t\t\t<\/div>\n\t\t<\/section>\n\t\t\t\t<section class=\"elementor-section elementor-top-section elementor-element elementor-element-d7862f3 elementor-section-boxed elementor-section-height-default elementor-section-height-default\" data-id=\"d7862f3\" data-element_type=\"section\" data-e-type=\"section\" data-settings=\"{&quot;jet_parallax_layout_list&quot;:[]}\">\n\t\t\t\t\t\t<div class=\"elementor-container elementor-column-gap-default\">\n\t\t\t\t\t<div class=\"elementor-column elementor-col-100 elementor-top-column elementor-element elementor-element-0516b5b\" data-id=\"0516b5b\" data-element_type=\"column\" data-e-type=\"column\">\n\t\t\t<div class=\"elementor-widget-wrap elementor-element-populated\">\n\t\t\t\t\t\t<div class=\"elementor-element elementor-element-f7b1fc4 elementor-widget__width-initial elementor-widget elementor-widget-heading\" data-id=\"f7b1fc4\" data-element_type=\"widget\" data-e-type=\"widget\" data-widget_type=\"heading.default\">\n\t\t\t\t<div class=\"elementor-widget-container\">\n\t\t\t\t\t<h1 class=\"elementor-heading-title elementor-size-default\">SAWN <b> LUMBER<\/b>\n\n<\/h1>\t\t\t\t<\/div>\n\t\t\t\t<\/div>\n\t\t\t\t<div class=\"elementor-element elementor-element-679ead2 elementor-widget-divider--view-line elementor-widget elementor-widget-divider\" data-id=\"679ead2\" data-element_type=\"widget\" data-e-type=\"widget\" data-widget_type=\"divider.default\">\n\t\t\t\t<div class=\"elementor-widget-container\">\n\t\t\t\t\t\t\t<div class=\"elementor-divider\">\n\t\t\t<span class=\"elementor-divider-separator\">\n\t\t\t\t\t\t<\/span>\n\t\t<\/div>\n\t\t\t\t\t\t<\/div>\n\t\t\t\t<\/div>\n\t\t\t\t<div class=\"elementor-element elementor-element-2636456 elementor-widget elementor-widget-text-editor\" data-id=\"2636456\" data-element_type=\"widget\" data-e-type=\"widget\" data-widget_type=\"text-editor.default\">\n\t\t\t\t<div class=\"elementor-widget-container\">\n\t\t\t\t\t\t\t\t\t<p>Our lumber is produced in high-capacity sawmills, and certain species are available from the same forest areas from which we source our veneer logs. Its use in high quality joinery for solid parts requires that the grain of the lumber match the one of the veneers used in the project.<\/p><p>Thicknesses of 20, 27, 32, 32, 36, 36, 52, 76, 80 mm are usually produced.<\/p>\t\t\t\t\t\t\t\t<\/div>\n\t\t\t\t<\/div>\n\t\t\t\t\t<\/div>\n\t\t<\/div>\n\t\t\t\t\t<\/div>\n\t\t<\/section>\n\t\t\t\t<section class=\"elementor-section elementor-top-section elementor-element elementor-element-7184fb2 elementor-section-boxed elementor-section-height-default elementor-section-height-default\" data-id=\"7184fb2\" data-element_type=\"section\" data-e-type=\"section\" data-settings=\"{&quot;jet_parallax_layout_list&quot;:[]}\">\n\t\t\t\t\t\t<div class=\"elementor-container elementor-column-gap-default\">\n\t\t\t\t\t<div class=\"elementor-column elementor-col-100 elementor-top-column elementor-element elementor-element-6925aae\" data-id=\"6925aae\" data-element_type=\"column\" data-e-type=\"column\">\n\t\t\t<div class=\"elementor-widget-wrap elementor-element-populated\">\n\t\t\t\t\t\t<div class=\"elementor-element elementor-element-1c58297 elementor-widget elementor-widget-gallery\" data-id=\"1c58297\" data-element_type=\"widget\" data-e-type=\"widget\" data-settings=\"{&quot;gallery_layout&quot;:&quot;masonry&quot;,&quot;columns&quot;:3,&quot;lazyload&quot;:&quot;yes&quot;,&quot;columns_tablet&quot;:2,&quot;columns_mobile&quot;:1,&quot;gap&quot;:{&quot;unit&quot;:&quot;px&quot;,&quot;size&quot;:10,&quot;sizes&quot;:[]},&quot;gap_tablet&quot;:{&quot;unit&quot;:&quot;px&quot;,&quot;size&quot;:10,&quot;sizes&quot;:[]},&quot;gap_mobile&quot;:{&quot;unit&quot;:&quot;px&quot;,&quot;size&quot;:10,&quot;sizes&quot;:[]},&quot;link_to&quot;:&quot;file&quot;,&quot;overlay_background&quot;:&quot;yes&quot;,&quot;content_hover_animation&quot;:&quot;fade-in&quot;}\" data-widget_type=\"gallery.default\">\n\t\t\t\t<div class=\"elementor-widget-container\">\n\t\t\t\t\t\t\t<div class=\"elementor-gallery__container\">\n\t\t\t\t\t\t\t<a class=\"e-gallery-item elementor-gallery-item elementor-animated-content\" href=\"https:\/\/timbercom.com\/wp-content\/uploads\/2023\/07\/Tablon_tronco_largo.jpg\" data-elementor-open-lightbox=\"yes\" data-elementor-lightbox-slideshow=\"1c58297\" data-elementor-lightbox-title=\"Tablon_tronco_largo\" data-e-action-hash=\"#elementor-action%3Aaction%3Dlightbox%26settings%3DeyJpZCI6NzMxLCJ1cmwiOiJodHRwczpcL1wvdGltYmVyY29tLmNvbVwvd3AtY29udGVudFwvdXBsb2Fkc1wvMjAyM1wvMDdcL1RhYmxvbl90cm9uY29fbGFyZ28uanBnIiwic2xpZGVzaG93IjoiMWM1ODI5NyJ9\">\n\t\t\t\t\t<div class=\"e-gallery-image elementor-gallery-item__image\" data-thumbnail=\"https:\/\/timbercom.com\/wp-content\/uploads\/2023\/07\/Tablon_tronco_largo.jpg\" data-width=\"2000\" data-height=\"972\" aria-label=\"\" role=\"img\" ><\/div>\n\t\t\t\t\t\t\t\t\t\t\t<div class=\"elementor-gallery-item__overlay\"><\/div>\n\t\t\t\t\t\t\t\t\t\t\t\t\t\t<\/a>\n\t\t\t\t\t\t\t<a class=\"e-gallery-item elementor-gallery-item elementor-animated-content\" href=\"https:\/\/timbercom.com\/wp-content\/uploads\/2023\/07\/TC_Eucalyptus.jpg\" data-elementor-open-lightbox=\"yes\" data-elementor-lightbox-slideshow=\"1c58297\" data-elementor-lightbox-title=\"TC_Eucalyptus\" data-e-action-hash=\"#elementor-action%3Aaction%3Dlightbox%26settings%3DeyJpZCI6NzMzLCJ1cmwiOiJodHRwczpcL1wvdGltYmVyY29tLmNvbVwvd3AtY29udGVudFwvdXBsb2Fkc1wvMjAyM1wvMDdcL1RDX0V1Y2FseXB0dXMuanBnIiwic2xpZGVzaG93IjoiMWM1ODI5NyJ9\">\n\t\t\t\t\t<div class=\"e-gallery-image elementor-gallery-item__image\" data-thumbnail=\"https:\/\/timbercom.com\/wp-content\/uploads\/2023\/07\/TC_Eucalyptus.jpg\" data-width=\"500\" data-height=\"667\" aria-label=\"\" role=\"img\" ><\/div>\n\t\t\t\t\t\t\t\t\t\t\t<div class=\"elementor-gallery-item__overlay\"><\/div>\n\t\t\t\t\t\t\t\t\t\t\t\t\t\t<\/a>\n\t\t\t\t\t\t\t<a class=\"e-gallery-item elementor-gallery-item elementor-animated-content\" href=\"https:\/\/timbercom.com\/wp-content\/uploads\/2023\/07\/Tronco_eucaliptus_frisse_enorme.jpg\" data-elementor-open-lightbox=\"yes\" data-elementor-lightbox-slideshow=\"1c58297\" data-elementor-lightbox-title=\"Tronco_eucaliptus_frisse_enorme\" data-e-action-hash=\"#elementor-action%3Aaction%3Dlightbox%26settings%3DeyJpZCI6NzM1LCJ1cmwiOiJodHRwczpcL1wvdGltYmVyY29tLmNvbVwvd3AtY29udGVudFwvdXBsb2Fkc1wvMjAyM1wvMDdcL1Ryb25jb19ldWNhbGlwdHVzX2ZyaXNzZV9lbm9ybWUuanBnIiwic2xpZGVzaG93IjoiMWM1ODI5NyJ9\">\n\t\t\t\t\t<div class=\"e-gallery-image elementor-gallery-item__image\" data-thumbnail=\"https:\/\/timbercom.com\/wp-content\/uploads\/2023\/07\/Tronco_eucaliptus_frisse_enorme.jpg\" data-width=\"1000\" data-height=\"750\" aria-label=\"\" role=\"img\" ><\/div>\n\t\t\t\t\t\t\t\t\t\t\t<div class=\"elementor-gallery-item__overlay\"><\/div>\n\t\t\t\t\t\t\t\t\t\t\t\t\t\t<\/a>\n\t\t\t\t\t\t\t<a class=\"e-gallery-item elementor-gallery-item elementor-animated-content\" href=\"https:\/\/timbercom.com\/wp-content\/uploads\/2023\/07\/Tronco_tablon_vision_general.jpg\" data-elementor-open-lightbox=\"yes\" data-elementor-lightbox-slideshow=\"1c58297\" data-elementor-lightbox-title=\"Tronco_tablon_vision_general\" data-e-action-hash=\"#elementor-action%3Aaction%3Dlightbox%26settings%3DeyJpZCI6NzM3LCJ1cmwiOiJodHRwczpcL1wvdGltYmVyY29tLmNvbVwvd3AtY29udGVudFwvdXBsb2Fkc1wvMjAyM1wvMDdcL1Ryb25jb190YWJsb25fdmlzaW9uX2dlbmVyYWwuanBnIiwic2xpZGVzaG93IjoiMWM1ODI5NyJ9\">\n\t\t\t\t\t<div class=\"e-gallery-image elementor-gallery-item__image\" data-thumbnail=\"https:\/\/timbercom.com\/wp-content\/uploads\/2023\/07\/Tronco_tablon_vision_general.jpg\" data-width=\"1000\" data-height=\"750\" aria-label=\"\" role=\"img\" ><\/div>\n\t\t\t\t\t\t\t\t\t\t\t<div class=\"elementor-gallery-item__overlay\"><\/div>\n\t\t\t\t\t\t\t\t\t\t\t\t\t\t<\/a>\n\t\t\t\t\t\t\t<a class=\"e-gallery-item elementor-gallery-item elementor-animated-content\" href=\"https:\/\/timbercom.com\/wp-content\/uploads\/2023\/07\/troncos.jpg\" data-elementor-open-lightbox=\"yes\" data-elementor-lightbox-slideshow=\"1c58297\" data-elementor-lightbox-title=\"troncos\" data-e-action-hash=\"#elementor-action%3Aaction%3Dlightbox%26settings%3DeyJpZCI6NzM5LCJ1cmwiOiJodHRwczpcL1wvdGltYmVyY29tLmNvbVwvd3AtY29udGVudFwvdXBsb2Fkc1wvMjAyM1wvMDdcL3Ryb25jb3MuanBnIiwic2xpZGVzaG93IjoiMWM1ODI5NyJ9\">\n\t\t\t\t\t<div class=\"e-gallery-image elementor-gallery-item__image\" data-thumbnail=\"https:\/\/timbercom.com\/wp-content\/uploads\/2023\/07\/troncos.jpg\" data-width=\"1000\" data-height=\"750\" aria-label=\"\" role=\"img\" ><\/div>\n\t\t\t\t\t\t\t\t\t\t\t<div class=\"elementor-gallery-item__overlay\"><\/div>\n\t\t\t\t\t\t\t\t\t\t\t\t\t\t<\/a>\n\t\t\t\t\t\t\t<a class=\"e-gallery-item elementor-gallery-item elementor-animated-content\" href=\"https:\/\/timbercom.com\/wp-content\/uploads\/2023\/07\/troncos_load_maple.jpg\" data-elementor-open-lightbox=\"yes\" data-elementor-lightbox-slideshow=\"1c58297\" data-elementor-lightbox-title=\"troncos_load_maple\" data-e-action-hash=\"#elementor-action%3Aaction%3Dlightbox%26settings%3DeyJpZCI6NzQxLCJ1cmwiOiJodHRwczpcL1wvdGltYmVyY29tLmNvbVwvd3AtY29udGVudFwvdXBsb2Fkc1wvMjAyM1wvMDdcL3Ryb25jb3NfbG9hZF9tYXBsZS5qcGciLCJzbGlkZXNob3ciOiIxYzU4Mjk3In0%3D\">\n\t\t\t\t\t<div class=\"e-gallery-image elementor-gallery-item__image\" data-thumbnail=\"https:\/\/timbercom.com\/wp-content\/uploads\/2023\/07\/troncos_load_maple.jpg\" data-width=\"1000\" data-height=\"750\" aria-label=\"\" role=\"img\" ><\/div>\n\t\t\t\t\t\t\t\t\t\t\t<div class=\"elementor-gallery-item__overlay\"><\/div>\n\t\t\t\t\t\t\t\t\t\t\t\t\t\t<\/a>\n\t\t\t\t\t\t\t<a class=\"e-gallery-item elementor-gallery-item elementor-animated-content\" href=\"https:\/\/timbercom.com\/wp-content\/uploads\/2023\/07\/troncos_nevados.jpg\" data-elementor-open-lightbox=\"yes\" data-elementor-lightbox-slideshow=\"1c58297\" data-elementor-lightbox-title=\"troncos_nevados\" data-e-action-hash=\"#elementor-action%3Aaction%3Dlightbox%26settings%3DeyJpZCI6NzQzLCJ1cmwiOiJodHRwczpcL1wvdGltYmVyY29tLmNvbVwvd3AtY29udGVudFwvdXBsb2Fkc1wvMjAyM1wvMDdcL3Ryb25jb3NfbmV2YWRvcy5qcGciLCJzbGlkZXNob3ciOiIxYzU4Mjk3In0%3D\">\n\t\t\t\t\t<div class=\"e-gallery-image elementor-gallery-item__image\" data-thumbnail=\"https:\/\/timbercom.com\/wp-content\/uploads\/2023\/07\/troncos_nevados.jpg\" data-width=\"1000\" data-height=\"750\" aria-label=\"\" role=\"img\" ><\/div>\n\t\t\t\t\t\t\t\t\t\t\t<div class=\"elementor-gallery-item__overlay\"><\/div>\n\t\t\t\t\t\t\t\t\t\t\t\t\t\t<\/a>\n\t\t\t\t\t<\/div>\n\t\t\t\t\t<\/div>\n\t\t\t\t<\/div>\n\t\t\t\t<div class=\"elementor-element elementor-element-6c7a02e elementor-widget elementor-widget-spacer\" data-id=\"6c7a02e\" data-element_type=\"widget\" data-e-type=\"widget\" data-widget_type=\"spacer.default\">\n\t\t\t\t<div class=\"elementor-widget-container\">\n\t\t\t\t\t\t\t<div class=\"elementor-spacer\">\n\t\t\t<div class=\"elementor-spacer-inner\"><\/div>\n\t\t<\/div>\n\t\t\t\t\t\t<\/div>\n\t\t\t\t<\/div>\n\t\t\t\t\t<\/div>\n\t\t<\/div>\n\t\t\t\t\t<\/div>\n\t\t<\/section>\n\t\t\t\t<\/div>\n\t\t","protected":false},"excerpt":{"rendered":"<p>SAWN LUMBER Our lumber is produced in high-capacity sawmills, and certain species are available from the same forest areas from which we source our veneer logs. Its use in high quality joinery for solid parts requires that the grain of the lumber match the one of the veneers used in the project. Thicknesses of 20, [&hellip;]<\/p>\n","protected":false},"author":1,"featured_media":0,"parent":939,"menu_order":0,"comment_status":"closed","ping_status":"closed","template":"elementor_header_footer","meta":{"footnotes":""},"class_list":["post-961","page","type-page","status-publish","hentry"],"yoast_head":"<!-- This site is optimized with the Yoast SEO plugin v27.2 - https:\/\/yoast.com\/product\/yoast-seo-wordpress\/ -->\n<title>SAWN LUMBER - TIMBERCOM - CHAPAS Y MADERAS<\/title>\n<meta name=\"robots\" content=\"index, follow, max-snippet:-1, max-image-preview:large, max-video-preview:-1\" \/>\n<link rel=\"canonical\" href=\"https:\/\/timbercom.com\/productos\/madera-aserrada\/\" \/>\n<meta property=\"og:locale\" content=\"en_US\" \/>\n<meta property=\"og:type\" content=\"article\" \/>\n<meta property=\"og:title\" content=\"SAWN LUMBER - TIMBERCOM - CHAPAS Y MADERAS\" \/>\n<meta property=\"og:description\" content=\"SAWN LUMBER Our lumber is produced in high-capacity sawmills, and certain species are available from the same forest areas from which we source our veneer logs. Its use in high quality joinery for solid parts requires that the grain of the lumber match the one of the veneers used in the project. Thicknesses of 20, [&hellip;]\" \/>\n<meta property=\"og:url\" content=\"https:\/\/timbercom.com\/productos\/madera-aserrada\/\" \/>\n<meta property=\"og:site_name\" content=\"TIMBERCOM - CHAPAS Y MADERAS\" \/>\n<meta property=\"article:modified_time\" content=\"2023-08-03T08:36:43+00:00\" \/>\n<meta name=\"twitter:card\" content=\"summary_large_image\" \/>\n<meta name=\"twitter:label1\" content=\"Est. reading time\" \/>\n\t<meta name=\"twitter:data1\" content=\"1 minute\" \/>\n<script type=\"application\/ld+json\" class=\"yoast-schema-graph\">{\"@context\":\"https:\/\/schema.org\",\"@graph\":[{\"@type\":\"WebPage\",\"@id\":\"https:\/\/timbercom.com\/productos\/madera-aserrada\/\",\"url\":\"https:\/\/timbercom.com\/productos\/madera-aserrada\/\",\"name\":\"SAWN LUMBER - TIMBERCOM - CHAPAS Y MADERAS\",\"isPartOf\":{\"@id\":\"https:\/\/timbercom.com\/#website\"},\"datePublished\":\"2023-07-19T08:49:39+00:00\",\"dateModified\":\"2023-08-03T08:36:43+00:00\",\"breadcrumb\":{\"@id\":\"https:\/\/timbercom.com\/productos\/madera-aserrada\/#breadcrumb\"},\"inLanguage\":\"en-US\",\"potentialAction\":[{\"@type\":\"ReadAction\",\"target\":[\"https:\/\/timbercom.com\/productos\/madera-aserrada\/\"]}]},{\"@type\":\"BreadcrumbList\",\"@id\":\"https:\/\/timbercom.com\/productos\/madera-aserrada\/#breadcrumb\",\"itemListElement\":[{\"@type\":\"ListItem\",\"position\":1,\"name\":\"Home\",\"item\":\"https:\/\/timbercom.com\/en\/\"},{\"@type\":\"ListItem\",\"position\":2,\"name\":\"PRODUCTS\",\"item\":\"https:\/\/timbercom.com\/productos\/\"},{\"@type\":\"ListItem\",\"position\":3,\"name\":\"SAWN LUMBER\"}]},{\"@type\":\"WebSite\",\"@id\":\"https:\/\/timbercom.com\/#website\",\"url\":\"https:\/\/timbercom.com\/\",\"name\":\"TIMBERCOM - CHAPAS Y MADERAS\",\"description\":\"Productores de todo tipo de chapas de madera, decorativas y ex\u00f3ticas, procedentes de todo el mundo. Para su uso en puertas, paneles, muebles, dise\u00f1o interior, arquitectura,suministramos chapas, tabl\u00f3n y troncos.\",\"publisher\":{\"@id\":\"https:\/\/timbercom.com\/#organization\"},\"potentialAction\":[{\"@type\":\"SearchAction\",\"target\":{\"@type\":\"EntryPoint\",\"urlTemplate\":\"https:\/\/timbercom.com\/?s={search_term_string}\"},\"query-input\":{\"@type\":\"PropertyValueSpecification\",\"valueRequired\":true,\"valueName\":\"search_term_string\"}}],\"inLanguage\":\"en-US\"},{\"@type\":\"Organization\",\"@id\":\"https:\/\/timbercom.com\/#organization\",\"name\":\"TIMBERCOM - CHAPAS Y MADERAS\",\"url\":\"https:\/\/timbercom.com\/\",\"logo\":{\"@type\":\"ImageObject\",\"inLanguage\":\"en-US\",\"@id\":\"https:\/\/timbercom.com\/#\/schema\/logo\/image\/\",\"url\":\"https:\/\/timbercom.com\/wp-content\/uploads\/2023\/05\/logo_timbercom.png\",\"contentUrl\":\"https:\/\/timbercom.com\/wp-content\/uploads\/2023\/05\/logo_timbercom.png\",\"width\":149,\"height\":124,\"caption\":\"TIMBERCOM - CHAPAS Y MADERAS\"},\"image\":{\"@id\":\"https:\/\/timbercom.com\/#\/schema\/logo\/image\/\"}}]}<\/script>\n<!-- \/ Yoast SEO plugin. -->","yoast_head_json":{"title":"SAWN LUMBER - TIMBERCOM - CHAPAS Y MADERAS","robots":{"index":"index","follow":"follow","max-snippet":"max-snippet:-1","max-image-preview":"max-image-preview:large","max-video-preview":"max-video-preview:-1"},"canonical":"https:\/\/timbercom.com\/productos\/madera-aserrada\/","og_locale":"en_US","og_type":"article","og_title":"SAWN LUMBER - TIMBERCOM - CHAPAS Y MADERAS","og_description":"SAWN LUMBER Our lumber is produced in high-capacity sawmills, and certain species are available from the same forest areas from which we source our veneer logs. Its use in high quality joinery for solid parts requires that the grain of the lumber match the one of the veneers used in the project. Thicknesses of 20, [&hellip;]","og_url":"https:\/\/timbercom.com\/productos\/madera-aserrada\/","og_site_name":"TIMBERCOM - CHAPAS Y MADERAS","article_modified_time":"2023-08-03T08:36:43+00:00","twitter_card":"summary_large_image","twitter_misc":{"Est. reading time":"1 minute"},"schema":{"@context":"https:\/\/schema.org","@graph":[{"@type":"WebPage","@id":"https:\/\/timbercom.com\/productos\/madera-aserrada\/","url":"https:\/\/timbercom.com\/productos\/madera-aserrada\/","name":"SAWN LUMBER - TIMBERCOM - CHAPAS Y MADERAS","isPartOf":{"@id":"https:\/\/timbercom.com\/#website"},"datePublished":"2023-07-19T08:49:39+00:00","dateModified":"2023-08-03T08:36:43+00:00","breadcrumb":{"@id":"https:\/\/timbercom.com\/productos\/madera-aserrada\/#breadcrumb"},"inLanguage":"en-US","potentialAction":[{"@type":"ReadAction","target":["https:\/\/timbercom.com\/productos\/madera-aserrada\/"]}]},{"@type":"BreadcrumbList","@id":"https:\/\/timbercom.com\/productos\/madera-aserrada\/#breadcrumb","itemListElement":[{"@type":"ListItem","position":1,"name":"Home","item":"https:\/\/timbercom.com\/en\/"},{"@type":"ListItem","position":2,"name":"PRODUCTS","item":"https:\/\/timbercom.com\/productos\/"},{"@type":"ListItem","position":3,"name":"SAWN LUMBER"}]},{"@type":"WebSite","@id":"https:\/\/timbercom.com\/#website","url":"https:\/\/timbercom.com\/","name":"TIMBERCOM - CHAPAS Y MADERAS","description":"Productores de todo tipo de chapas de madera, decorativas y ex\u00f3ticas, procedentes de todo el mundo. Para su uso en puertas, paneles, muebles, dise\u00f1o interior, arquitectura,suministramos chapas, tabl\u00f3n y troncos.","publisher":{"@id":"https:\/\/timbercom.com\/#organization"},"potentialAction":[{"@type":"SearchAction","target":{"@type":"EntryPoint","urlTemplate":"https:\/\/timbercom.com\/?s={search_term_string}"},"query-input":{"@type":"PropertyValueSpecification","valueRequired":true,"valueName":"search_term_string"}}],"inLanguage":"en-US"},{"@type":"Organization","@id":"https:\/\/timbercom.com\/#organization","name":"TIMBERCOM - CHAPAS Y MADERAS","url":"https:\/\/timbercom.com\/","logo":{"@type":"ImageObject","inLanguage":"en-US","@id":"https:\/\/timbercom.com\/#\/schema\/logo\/image\/","url":"https:\/\/timbercom.com\/wp-content\/uploads\/2023\/05\/logo_timbercom.png","contentUrl":"https:\/\/timbercom.com\/wp-content\/uploads\/2023\/05\/logo_timbercom.png","width":149,"height":124,"caption":"TIMBERCOM - CHAPAS Y MADERAS"},"image":{"@id":"https:\/\/timbercom.com\/#\/schema\/logo\/image\/"}}]}},"_links":{"self":[{"href":"https:\/\/timbercom.com\/en\/wp-json\/wp\/v2\/pages\/961","targetHints":{"allow":["GET"]}}],"collection":[{"href":"https:\/\/timbercom.com\/en\/wp-json\/wp\/v2\/pages"}],"about":[{"href":"https:\/\/timbercom.com\/en\/wp-json\/wp\/v2\/types\/page"}],"author":[{"embeddable":true,"href":"https:\/\/timbercom.com\/en\/wp-json\/wp\/v2\/users\/1"}],"replies":[{"embeddable":true,"href":"https:\/\/timbercom.com\/en\/wp-json\/wp\/v2\/comments?post=961"}],"version-history":[{"count":7,"href":"https:\/\/timbercom.com\/en\/wp-json\/wp\/v2\/pages\/961\/revisions"}],"predecessor-version":[{"id":1263,"href":"https:\/\/timbercom.com\/en\/wp-json\/wp\/v2\/pages\/961\/revisions\/1263"}],"up":[{"embeddable":true,"href":"https:\/\/timbercom.com\/en\/wp-json\/wp\/v2\/pages\/939"}],"wp:attachment":[{"href":"https:\/\/timbercom.com\/en\/wp-json\/wp\/v2\/media?parent=961"}],"curies":[{"name":"wp","href":"https:\/\/api.w.org\/{rel}","templated":true}]}}