{"id":941,"date":"2023-07-17T10:54:14","date_gmt":"2023-07-17T08:54:14","guid":{"rendered":"https:\/\/timbercom.nunsys.net\/naturaleza-y-medio-ambiente\/"},"modified":"2023-08-03T10:39:19","modified_gmt":"2023-08-03T08:39:19","slug":"nature-and-environment","status":"publish","type":"page","link":"https:\/\/timbercom.com\/en\/nature-and-environment\/","title":{"rendered":"NATURE AND ENVIRONMENT"},"content":{"rendered":"\t\t<div data-elementor-type=\"wp-page\" data-elementor-id=\"941\" class=\"elementor elementor-941 elementor-469\" data-elementor-post-type=\"page\">\n\t\t\t\t\t\t<section class=\"elementor-section elementor-top-section elementor-element elementor-element-c7fe03d elementor-section-boxed elementor-section-height-default elementor-section-height-default\" data-id=\"c7fe03d\" data-element_type=\"section\" data-e-type=\"section\" data-settings=\"{&quot;background_background&quot;:&quot;classic&quot;,&quot;jet_parallax_layout_list&quot;:[]}\">\n\t\t\t\t\t\t<div class=\"elementor-container elementor-column-gap-default\">\n\t\t\t\t\t<div class=\"elementor-column elementor-col-100 elementor-top-column elementor-element elementor-element-3c8018b\" data-id=\"3c8018b\" data-element_type=\"column\" data-e-type=\"column\">\n\t\t\t<div class=\"elementor-widget-wrap elementor-element-populated\">\n\t\t\t\t\t\t<div class=\"elementor-element elementor-element-45ddf1a elementor-widget elementor-widget-spacer\" data-id=\"45ddf1a\" data-element_type=\"widget\" data-e-type=\"widget\" data-widget_type=\"spacer.default\">\n\t\t\t\t<div class=\"elementor-widget-container\">\n\t\t\t\t\t\t\t<div class=\"elementor-spacer\">\n\t\t\t<div class=\"elementor-spacer-inner\"><\/div>\n\t\t<\/div>\n\t\t\t\t\t\t<\/div>\n\t\t\t\t<\/div>\n\t\t\t\t<div class=\"elementor-element elementor-element-333eb72 elementor-widget elementor-widget-breadcrumbs\" data-id=\"333eb72\" data-element_type=\"widget\" data-e-type=\"widget\" data-widget_type=\"breadcrumbs.default\">\n\t\t\t\t<div class=\"elementor-widget-container\">\n\t\t\t\t\t<p id=\"breadcrumbs\"><span><span><a href=\"https:\/\/timbercom.com\/en\/\">Home<\/a><\/span><\/span><\/p>\t\t\t\t<\/div>\n\t\t\t\t<\/div>\n\t\t\t\t<div class=\"elementor-element elementor-element-c608c7a elementor-widget elementor-widget-spacer\" data-id=\"c608c7a\" data-element_type=\"widget\" data-e-type=\"widget\" data-widget_type=\"spacer.default\">\n\t\t\t\t<div class=\"elementor-widget-container\">\n\t\t\t\t\t\t\t<div class=\"elementor-spacer\">\n\t\t\t<div class=\"elementor-spacer-inner\"><\/div>\n\t\t<\/div>\n\t\t\t\t\t\t<\/div>\n\t\t\t\t<\/div>\n\t\t\t\t\t<\/div>\n\t\t<\/div>\n\t\t\t\t\t<\/div>\n\t\t<\/section>\n\t\t\t\t<section class=\"elementor-section elementor-top-section elementor-element elementor-element-0b6b7e1 elementor-section-boxed elementor-section-height-default elementor-section-height-default\" data-id=\"0b6b7e1\" data-element_type=\"section\" data-e-type=\"section\" data-settings=\"{&quot;jet_parallax_layout_list&quot;:[]}\">\n\t\t\t\t\t\t<div class=\"elementor-container elementor-column-gap-default\">\n\t\t\t\t\t<div class=\"elementor-column elementor-col-100 elementor-top-column elementor-element elementor-element-a21f16c\" data-id=\"a21f16c\" data-element_type=\"column\" data-e-type=\"column\">\n\t\t\t<div class=\"elementor-widget-wrap elementor-element-populated\">\n\t\t\t\t\t\t<div class=\"elementor-element elementor-element-9e5ba99 elementor-widget elementor-widget-spacer\" data-id=\"9e5ba99\" data-element_type=\"widget\" data-e-type=\"widget\" data-widget_type=\"spacer.default\">\n\t\t\t\t<div class=\"elementor-widget-container\">\n\t\t\t\t\t\t\t<div class=\"elementor-spacer\">\n\t\t\t<div class=\"elementor-spacer-inner\"><\/div>\n\t\t<\/div>\n\t\t\t\t\t\t<\/div>\n\t\t\t\t<\/div>\n\t\t\t\t\t<\/div>\n\t\t<\/div>\n\t\t\t\t\t<\/div>\n\t\t<\/section>\n\t\t\t\t<section class=\"elementor-section elementor-top-section elementor-element elementor-element-860d16e elementor-section-boxed elementor-section-height-default elementor-section-height-default\" data-id=\"860d16e\" data-element_type=\"section\" data-e-type=\"section\" data-settings=\"{&quot;jet_parallax_layout_list&quot;:[]}\">\n\t\t\t\t\t\t<div class=\"elementor-container elementor-column-gap-default\">\n\t\t\t\t\t<div class=\"elementor-column elementor-col-50 elementor-top-column elementor-element elementor-element-f9b6451\" data-id=\"f9b6451\" data-element_type=\"column\" data-e-type=\"column\">\n\t\t\t<div class=\"elementor-widget-wrap elementor-element-populated\">\n\t\t\t\t\t\t<div class=\"elementor-element elementor-element-a53575b elementor-widget__width-initial elementor-widget elementor-widget-heading\" data-id=\"a53575b\" data-element_type=\"widget\" data-e-type=\"widget\" data-widget_type=\"heading.default\">\n\t\t\t\t<div class=\"elementor-widget-container\">\n\t\t\t\t\t<h1 class=\"elementor-heading-title elementor-size-default\"><b>Committed<\/b><br>to the environment\n\n<\/h1>\t\t\t\t<\/div>\n\t\t\t\t<\/div>\n\t\t\t\t<div class=\"elementor-element elementor-element-cd931c1 elementor-widget-divider--view-line elementor-widget elementor-widget-divider\" data-id=\"cd931c1\" data-element_type=\"widget\" data-e-type=\"widget\" data-widget_type=\"divider.default\">\n\t\t\t\t<div class=\"elementor-widget-container\">\n\t\t\t\t\t\t\t<div class=\"elementor-divider\">\n\t\t\t<span class=\"elementor-divider-separator\">\n\t\t\t\t\t\t<\/span>\n\t\t<\/div>\n\t\t\t\t\t\t<\/div>\n\t\t\t\t<\/div>\n\t\t\t\t<div class=\"elementor-element elementor-element-b55baa3 elementor-widget elementor-widget-text-editor\" data-id=\"b55baa3\" data-element_type=\"widget\" data-e-type=\"widget\" data-widget_type=\"text-editor.default\">\n\t\t\t\t<div class=\"elementor-widget-container\">\n\t\t\t\t\t\t\t\t\t<p>Since our start in 1988 we have been fully aware of the importance of defending the environmental.\u00a0 Nature offers us this renewable, recyclable and green material, which is certainly one of the most beautiful we can enjoy. And we enjoy it in the form of a walk through our forests with the relaxation of its vital and colorful rumors, or in the contemplation of the flora and fauna that grow inside, or in the beauty and warmth that a piece of wood furniture or a perfect carpentry fills our home.\u00a0<\/p><p>Selective logging allows the forests to continue to grow with new younger trees. Older trees of sufficient size that can contribute to the growth of many more new seedlings through their final usage are the ones we handle for our production. The renewal of the life cycle of growth, aging and new beginnings is necessary for the forest and its unstoppable remaking.\u00a0 Taking care of our forests, of the forest management of them, and betting on the world organizations that support this type of sustainable management, is the only way we must be able to continue introducing in our projects a part of the wonderful living nature that surrounds us.<\/p><p>The veneer production process clearly supports this endless development by extracting an enormous amount of m2 to use from one m3 of processed raw material.<\/p>\t\t\t\t\t\t\t\t<\/div>\n\t\t\t\t<\/div>\n\t\t\t\t\t<\/div>\n\t\t<\/div>\n\t\t\t\t<div class=\"elementor-column elementor-col-50 elementor-top-column elementor-element elementor-element-6f00b04\" data-id=\"6f00b04\" data-element_type=\"column\" data-e-type=\"column\">\n\t\t\t<div class=\"elementor-widget-wrap elementor-element-populated\">\n\t\t\t\t\t\t<div class=\"elementor-element elementor-element-99ec908 elementor-widget elementor-widget-image\" data-id=\"99ec908\" data-element_type=\"widget\" data-e-type=\"widget\" data-widget_type=\"image.default\">\n\t\t\t\t<div class=\"elementor-widget-container\">\n\t\t\t\t\t\t\t\t\t\t\t\t\t\t\t<img fetchpriority=\"high\" decoding=\"async\" width=\"580\" height=\"771\" src=\"https:\/\/timbercom.com\/wp-content\/uploads\/2023\/07\/timbercom_medio_ambiente.jpg\" class=\"attachment-large size-large wp-image-474\" alt=\"\" \/>\t\t\t\t\t\t\t\t\t\t\t\t\t\t\t<\/div>\n\t\t\t\t<\/div>\n\t\t\t\t\t<\/div>\n\t\t<\/div>\n\t\t\t\t\t<\/div>\n\t\t<\/section>\n\t\t\t\t<section class=\"elementor-section elementor-top-section elementor-element elementor-element-dfa3a61 elementor-section-boxed elementor-section-height-default elementor-section-height-default\" data-id=\"dfa3a61\" data-element_type=\"section\" data-e-type=\"section\" data-settings=\"{&quot;jet_parallax_layout_list&quot;:[]}\">\n\t\t\t\t\t\t<div class=\"elementor-container elementor-column-gap-default\">\n\t\t\t\t\t<div class=\"elementor-column elementor-col-100 elementor-top-column elementor-element elementor-element-5450f57\" data-id=\"5450f57\" data-element_type=\"column\" data-e-type=\"column\">\n\t\t\t<div class=\"elementor-widget-wrap elementor-element-populated\">\n\t\t\t\t\t\t<div class=\"elementor-element elementor-element-21e9535 elementor-widget elementor-widget-spacer\" data-id=\"21e9535\" data-element_type=\"widget\" data-e-type=\"widget\" data-widget_type=\"spacer.default\">\n\t\t\t\t<div class=\"elementor-widget-container\">\n\t\t\t\t\t\t\t<div class=\"elementor-spacer\">\n\t\t\t<div class=\"elementor-spacer-inner\"><\/div>\n\t\t<\/div>\n\t\t\t\t\t\t<\/div>\n\t\t\t\t<\/div>\n\t\t\t\t\t<\/div>\n\t\t<\/div>\n\t\t\t\t\t<\/div>\n\t\t<\/section>\n\t\t\t\t<section class=\"elementor-section elementor-top-section elementor-element elementor-element-1a0d0c3 elementor-section-boxed elementor-section-height-default elementor-section-height-default\" data-id=\"1a0d0c3\" data-element_type=\"section\" data-e-type=\"section\" data-settings=\"{&quot;background_background&quot;:&quot;classic&quot;,&quot;jet_parallax_layout_list&quot;:[]}\">\n\t\t\t\t\t\t<div class=\"elementor-container elementor-column-gap-default\">\n\t\t\t\t\t<div class=\"elementor-column elementor-col-50 elementor-top-column elementor-element elementor-element-55de4a9\" data-id=\"55de4a9\" data-element_type=\"column\" data-e-type=\"column\" data-settings=\"{&quot;background_background&quot;:&quot;classic&quot;}\">\n\t\t\t<div class=\"elementor-widget-wrap elementor-element-populated\">\n\t\t\t\t\t\t<div class=\"elementor-element elementor-element-60a2a83 elementor-widget elementor-widget-image\" data-id=\"60a2a83\" data-element_type=\"widget\" data-e-type=\"widget\" data-widget_type=\"image.default\">\n\t\t\t\t<div class=\"elementor-widget-container\">\n\t\t\t\t\t\t\t\t\t\t\t\t\t\t\t<img decoding=\"async\" width=\"128\" height=\"188\" src=\"https:\/\/timbercom.com\/wp-content\/uploads\/2023\/07\/FSC.png\" class=\"attachment-large size-large wp-image-395\" alt=\"\" \/>\t\t\t\t\t\t\t\t\t\t\t\t\t\t\t<\/div>\n\t\t\t\t<\/div>\n\t\t\t\t\t<\/div>\n\t\t<\/div>\n\t\t\t\t<div class=\"elementor-column elementor-col-50 elementor-top-column elementor-element elementor-element-9d92b6c\" data-id=\"9d92b6c\" data-element_type=\"column\" data-e-type=\"column\" data-settings=\"{&quot;background_background&quot;:&quot;classic&quot;}\">\n\t\t\t<div class=\"elementor-widget-wrap elementor-element-populated\">\n\t\t\t\t\t\t<div class=\"elementor-element elementor-element-603397f elementor-widget__width-initial elementor-widget elementor-widget-text-editor\" data-id=\"603397f\" data-element_type=\"widget\" data-e-type=\"widget\" data-widget_type=\"text-editor.default\">\n\t\t\t\t<div class=\"elementor-widget-container\">\n\t\t\t\t\t\t\t\t\t<p>Through our membership of the FSC certification seal of approval for sustainable forest management, we contribute to the sustainability of this controlled forestry activity.<\/p><p>Since 2004, TIMBERCOM has been certified with the FSC seal, being the first producer and marketer of natural wood veneer to obtain this seal in the Valencian Community, ahead of what has become an international standard.<\/p><p>Most of our imports of both logs for processing and already processed products are carried out with the FSC certification.<\/p>\t\t\t\t\t\t\t\t<\/div>\n\t\t\t\t<\/div>\n\t\t\t\t\t<\/div>\n\t\t<\/div>\n\t\t\t\t\t<\/div>\n\t\t<\/section>\n\t\t\t\t<section class=\"elementor-section elementor-top-section elementor-element elementor-element-3c057f6 elementor-section-boxed elementor-section-height-default elementor-section-height-default\" data-id=\"3c057f6\" data-element_type=\"section\" data-e-type=\"section\" data-settings=\"{&quot;jet_parallax_layout_list&quot;:[]}\">\n\t\t\t\t\t\t<div class=\"elementor-container elementor-column-gap-default\">\n\t\t\t\t\t<div class=\"elementor-column elementor-col-100 elementor-top-column elementor-element elementor-element-f4e54c0\" data-id=\"f4e54c0\" data-element_type=\"column\" data-e-type=\"column\">\n\t\t\t<div class=\"elementor-widget-wrap elementor-element-populated\">\n\t\t\t\t\t\t<div class=\"elementor-element elementor-element-df94de2 elementor-widget elementor-widget-spacer\" data-id=\"df94de2\" data-element_type=\"widget\" data-e-type=\"widget\" data-widget_type=\"spacer.default\">\n\t\t\t\t<div class=\"elementor-widget-container\">\n\t\t\t\t\t\t\t<div class=\"elementor-spacer\">\n\t\t\t<div class=\"elementor-spacer-inner\"><\/div>\n\t\t<\/div>\n\t\t\t\t\t\t<\/div>\n\t\t\t\t<\/div>\n\t\t\t\t\t<\/div>\n\t\t<\/div>\n\t\t\t\t\t<\/div>\n\t\t<\/section>\n\t\t\t\t<section class=\"elementor-section elementor-top-section elementor-element elementor-element-7259572 elementor-section-boxed elementor-section-height-default elementor-section-height-default\" data-id=\"7259572\" data-element_type=\"section\" data-e-type=\"section\" data-settings=\"{&quot;jet_parallax_layout_list&quot;:[]}\">\n\t\t\t\t\t\t<div class=\"elementor-container elementor-column-gap-default\">\n\t\t\t\t\t<div class=\"elementor-column elementor-col-50 elementor-top-column elementor-element elementor-element-e8f0db4\" data-id=\"e8f0db4\" data-element_type=\"column\" data-e-type=\"column\">\n\t\t\t<div class=\"elementor-widget-wrap elementor-element-populated\">\n\t\t\t\t\t\t<div class=\"elementor-element elementor-element-832ff27 elementor-widget elementor-widget-image\" data-id=\"832ff27\" data-element_type=\"widget\" data-e-type=\"widget\" data-widget_type=\"image.default\">\n\t\t\t\t<div class=\"elementor-widget-container\">\n\t\t\t\t\t\t\t\t\t\t\t\t\t\t\t<img decoding=\"async\" width=\"396\" height=\"200\" src=\"https:\/\/timbercom.com\/wp-content\/uploads\/2023\/07\/Certificado_ISOS.png\" class=\"attachment-full size-full wp-image-485\" alt=\"\" \/>\t\t\t\t\t\t\t\t\t\t\t\t\t\t\t<\/div>\n\t\t\t\t<\/div>\n\t\t\t\t\t<\/div>\n\t\t<\/div>\n\t\t\t\t<div class=\"elementor-column elementor-col-50 elementor-top-column elementor-element elementor-element-8f9fa6b\" data-id=\"8f9fa6b\" data-element_type=\"column\" data-e-type=\"column\">\n\t\t\t<div class=\"elementor-widget-wrap elementor-element-populated\">\n\t\t\t\t\t\t<div class=\"elementor-element elementor-element-a56a74e elementor-widget__width-initial elementor-widget elementor-widget-heading\" data-id=\"a56a74e\" data-element_type=\"widget\" data-e-type=\"widget\" data-widget_type=\"heading.default\">\n\t\t\t\t<div class=\"elementor-widget-container\">\n\t\t\t\t\t<p class=\"elementor-heading-title elementor-size-default\"><b>CERTIFICATES<\/b>  ISO 9001 - ISO 14001\n<\/p>\t\t\t\t<\/div>\n\t\t\t\t<\/div>\n\t\t\t\t<div class=\"elementor-element elementor-element-9138726 elementor-widget elementor-widget-spacer\" data-id=\"9138726\" data-element_type=\"widget\" data-e-type=\"widget\" data-widget_type=\"spacer.default\">\n\t\t\t\t<div class=\"elementor-widget-container\">\n\t\t\t\t\t\t\t<div class=\"elementor-spacer\">\n\t\t\t<div class=\"elementor-spacer-inner\"><\/div>\n\t\t<\/div>\n\t\t\t\t\t\t<\/div>\n\t\t\t\t<\/div>\n\t\t\t\t<div class=\"elementor-element elementor-element-0f9d019 elementor-widget elementor-widget-text-editor\" data-id=\"0f9d019\" data-element_type=\"widget\" data-e-type=\"widget\" data-widget_type=\"text-editor.default\">\n\t\t\t\t<div class=\"elementor-widget-container\">\n\t\t\t\t\t\t\t\t\t<p>For a positive management, it is important that all parts and departments of the company are committed to the objective. For this reason, TIMBERCOM is certified with ISO-9001:2015 for Quality Management Systems, and with ISO 14001:2015 for Environmental Management Systems.<\/p>\t\t\t\t\t\t\t\t<\/div>\n\t\t\t\t<\/div>\n\t\t\t\t\t<\/div>\n\t\t<\/div>\n\t\t\t\t\t<\/div>\n\t\t<\/section>\n\t\t\t\t<section class=\"elementor-section elementor-top-section elementor-element elementor-element-0a331ad elementor-section-boxed elementor-section-height-default elementor-section-height-default\" data-id=\"0a331ad\" data-element_type=\"section\" data-e-type=\"section\" data-settings=\"{&quot;jet_parallax_layout_list&quot;:[]}\">\n\t\t\t\t\t\t<div class=\"elementor-container elementor-column-gap-default\">\n\t\t\t\t\t<div class=\"elementor-column elementor-col-100 elementor-top-column elementor-element elementor-element-7b93dce\" data-id=\"7b93dce\" data-element_type=\"column\" data-e-type=\"column\">\n\t\t\t<div class=\"elementor-widget-wrap elementor-element-populated\">\n\t\t\t\t\t\t<div class=\"elementor-element elementor-element-f15c1b0 elementor-widget elementor-widget-spacer\" data-id=\"f15c1b0\" data-element_type=\"widget\" data-e-type=\"widget\" data-widget_type=\"spacer.default\">\n\t\t\t\t<div class=\"elementor-widget-container\">\n\t\t\t\t\t\t\t<div class=\"elementor-spacer\">\n\t\t\t<div class=\"elementor-spacer-inner\"><\/div>\n\t\t<\/div>\n\t\t\t\t\t\t<\/div>\n\t\t\t\t<\/div>\n\t\t\t\t\t<\/div>\n\t\t<\/div>\n\t\t\t\t\t<\/div>\n\t\t<\/section>\n\t\t\t\t<\/div>\n\t\t","protected":false},"excerpt":{"rendered":"<p>Committedto the environment Since our start in 1988 we have been fully aware of the importance of defending the environmental.\u00a0 Nature offers us this renewable, recyclable and green material, which is certainly one of the most beautiful we can enjoy. And we enjoy it in the form of a walk through our forests with the [&hellip;]<\/p>\n","protected":false},"author":1,"featured_media":0,"parent":0,"menu_order":0,"comment_status":"closed","ping_status":"closed","template":"elementor_header_footer","meta":{"footnotes":""},"class_list":["post-941","page","type-page","status-publish","hentry"],"yoast_head":"<!-- This site is optimized with the Yoast SEO plugin v27.2 - https:\/\/yoast.com\/product\/yoast-seo-wordpress\/ -->\n<title>NATURE AND ENVIRONMENT - TIMBERCOM - CHAPAS Y MADERAS<\/title>\n<meta name=\"robots\" content=\"index, follow, max-snippet:-1, max-image-preview:large, max-video-preview:-1\" \/>\n<link rel=\"canonical\" href=\"https:\/\/timbercom.com\/naturaleza-y-medio-ambiente\/\" \/>\n<meta property=\"og:locale\" content=\"en_US\" \/>\n<meta property=\"og:type\" content=\"article\" \/>\n<meta property=\"og:title\" content=\"NATURE AND ENVIRONMENT - TIMBERCOM - CHAPAS Y MADERAS\" \/>\n<meta property=\"og:description\" content=\"Committedto the environment Since our start in 1988 we have been fully aware of the importance of defending the environmental.\u00a0 Nature offers us this renewable, recyclable and green material, which is certainly one of the most beautiful we can enjoy. And we enjoy it in the form of a walk through our forests with the [&hellip;]\" \/>\n<meta property=\"og:url\" content=\"https:\/\/timbercom.com\/naturaleza-y-medio-ambiente\/\" \/>\n<meta property=\"og:site_name\" content=\"TIMBERCOM - CHAPAS Y MADERAS\" \/>\n<meta property=\"article:modified_time\" content=\"2023-08-03T08:39:19+00:00\" \/>\n<meta property=\"og:image\" content=\"https:\/\/timbercom.com\/wp-content\/uploads\/2023\/07\/timbercom_medio_ambiente.jpg\" \/>\n<meta name=\"twitter:card\" content=\"summary_large_image\" \/>\n<meta name=\"twitter:label1\" content=\"Est. reading time\" \/>\n\t<meta name=\"twitter:data1\" content=\"3 minutes\" \/>\n<script type=\"application\/ld+json\" class=\"yoast-schema-graph\">{\"@context\":\"https:\/\/schema.org\",\"@graph\":[{\"@type\":\"WebPage\",\"@id\":\"https:\/\/timbercom.com\/naturaleza-y-medio-ambiente\/\",\"url\":\"https:\/\/timbercom.com\/naturaleza-y-medio-ambiente\/\",\"name\":\"NATURE AND ENVIRONMENT - TIMBERCOM - CHAPAS Y MADERAS\",\"isPartOf\":{\"@id\":\"https:\/\/timbercom.com\/#website\"},\"primaryImageOfPage\":{\"@id\":\"https:\/\/timbercom.com\/naturaleza-y-medio-ambiente\/#primaryimage\"},\"image\":{\"@id\":\"https:\/\/timbercom.com\/naturaleza-y-medio-ambiente\/#primaryimage\"},\"thumbnailUrl\":\"https:\/\/timbercom.com\/wp-content\/uploads\/2023\/07\/timbercom_medio_ambiente.jpg\",\"datePublished\":\"2023-07-17T08:54:14+00:00\",\"dateModified\":\"2023-08-03T08:39:19+00:00\",\"breadcrumb\":{\"@id\":\"https:\/\/timbercom.com\/naturaleza-y-medio-ambiente\/#breadcrumb\"},\"inLanguage\":\"en-US\",\"potentialAction\":[{\"@type\":\"ReadAction\",\"target\":[\"https:\/\/timbercom.com\/naturaleza-y-medio-ambiente\/\"]}]},{\"@type\":\"ImageObject\",\"inLanguage\":\"en-US\",\"@id\":\"https:\/\/timbercom.com\/naturaleza-y-medio-ambiente\/#primaryimage\",\"url\":\"https:\/\/timbercom.com\/wp-content\/uploads\/2023\/07\/timbercom_medio_ambiente.jpg\",\"contentUrl\":\"https:\/\/timbercom.com\/wp-content\/uploads\/2023\/07\/timbercom_medio_ambiente.jpg\"},{\"@type\":\"BreadcrumbList\",\"@id\":\"https:\/\/timbercom.com\/naturaleza-y-medio-ambiente\/#breadcrumb\",\"itemListElement\":[{\"@type\":\"ListItem\",\"position\":1,\"name\":\"Home\",\"item\":\"https:\/\/timbercom.com\/en\/\"},{\"@type\":\"ListItem\",\"position\":2,\"name\":\"NATURE AND ENVIRONMENT\"}]},{\"@type\":\"WebSite\",\"@id\":\"https:\/\/timbercom.com\/#website\",\"url\":\"https:\/\/timbercom.com\/\",\"name\":\"TIMBERCOM - CHAPAS Y MADERAS\",\"description\":\"Productores de todo tipo de chapas de madera, decorativas y ex\u00f3ticas, procedentes de todo el mundo. Para su uso en puertas, paneles, muebles, dise\u00f1o interior, arquitectura,suministramos chapas, tabl\u00f3n y troncos.\",\"publisher\":{\"@id\":\"https:\/\/timbercom.com\/#organization\"},\"potentialAction\":[{\"@type\":\"SearchAction\",\"target\":{\"@type\":\"EntryPoint\",\"urlTemplate\":\"https:\/\/timbercom.com\/?s={search_term_string}\"},\"query-input\":{\"@type\":\"PropertyValueSpecification\",\"valueRequired\":true,\"valueName\":\"search_term_string\"}}],\"inLanguage\":\"en-US\"},{\"@type\":\"Organization\",\"@id\":\"https:\/\/timbercom.com\/#organization\",\"name\":\"TIMBERCOM - CHAPAS Y MADERAS\",\"url\":\"https:\/\/timbercom.com\/\",\"logo\":{\"@type\":\"ImageObject\",\"inLanguage\":\"en-US\",\"@id\":\"https:\/\/timbercom.com\/#\/schema\/logo\/image\/\",\"url\":\"https:\/\/timbercom.com\/wp-content\/uploads\/2023\/05\/logo_timbercom.png\",\"contentUrl\":\"https:\/\/timbercom.com\/wp-content\/uploads\/2023\/05\/logo_timbercom.png\",\"width\":149,\"height\":124,\"caption\":\"TIMBERCOM - CHAPAS Y MADERAS\"},\"image\":{\"@id\":\"https:\/\/timbercom.com\/#\/schema\/logo\/image\/\"}}]}<\/script>\n<!-- \/ Yoast SEO plugin. -->","yoast_head_json":{"title":"NATURE AND ENVIRONMENT - TIMBERCOM - CHAPAS Y MADERAS","robots":{"index":"index","follow":"follow","max-snippet":"max-snippet:-1","max-image-preview":"max-image-preview:large","max-video-preview":"max-video-preview:-1"},"canonical":"https:\/\/timbercom.com\/naturaleza-y-medio-ambiente\/","og_locale":"en_US","og_type":"article","og_title":"NATURE AND ENVIRONMENT - TIMBERCOM - CHAPAS Y MADERAS","og_description":"Committedto the environment Since our start in 1988 we have been fully aware of the importance of defending the environmental.\u00a0 Nature offers us this renewable, recyclable and green material, which is certainly one of the most beautiful we can enjoy. And we enjoy it in the form of a walk through our forests with the [&hellip;]","og_url":"https:\/\/timbercom.com\/naturaleza-y-medio-ambiente\/","og_site_name":"TIMBERCOM - CHAPAS Y MADERAS","article_modified_time":"2023-08-03T08:39:19+00:00","og_image":[{"url":"https:\/\/timbercom.com\/wp-content\/uploads\/2023\/07\/timbercom_medio_ambiente.jpg","type":"","width":"","height":""}],"twitter_card":"summary_large_image","twitter_misc":{"Est. reading time":"3 minutes"},"schema":{"@context":"https:\/\/schema.org","@graph":[{"@type":"WebPage","@id":"https:\/\/timbercom.com\/naturaleza-y-medio-ambiente\/","url":"https:\/\/timbercom.com\/naturaleza-y-medio-ambiente\/","name":"NATURE AND ENVIRONMENT - TIMBERCOM - CHAPAS Y MADERAS","isPartOf":{"@id":"https:\/\/timbercom.com\/#website"},"primaryImageOfPage":{"@id":"https:\/\/timbercom.com\/naturaleza-y-medio-ambiente\/#primaryimage"},"image":{"@id":"https:\/\/timbercom.com\/naturaleza-y-medio-ambiente\/#primaryimage"},"thumbnailUrl":"https:\/\/timbercom.com\/wp-content\/uploads\/2023\/07\/timbercom_medio_ambiente.jpg","datePublished":"2023-07-17T08:54:14+00:00","dateModified":"2023-08-03T08:39:19+00:00","breadcrumb":{"@id":"https:\/\/timbercom.com\/naturaleza-y-medio-ambiente\/#breadcrumb"},"inLanguage":"en-US","potentialAction":[{"@type":"ReadAction","target":["https:\/\/timbercom.com\/naturaleza-y-medio-ambiente\/"]}]},{"@type":"ImageObject","inLanguage":"en-US","@id":"https:\/\/timbercom.com\/naturaleza-y-medio-ambiente\/#primaryimage","url":"https:\/\/timbercom.com\/wp-content\/uploads\/2023\/07\/timbercom_medio_ambiente.jpg","contentUrl":"https:\/\/timbercom.com\/wp-content\/uploads\/2023\/07\/timbercom_medio_ambiente.jpg"},{"@type":"BreadcrumbList","@id":"https:\/\/timbercom.com\/naturaleza-y-medio-ambiente\/#breadcrumb","itemListElement":[{"@type":"ListItem","position":1,"name":"Home","item":"https:\/\/timbercom.com\/en\/"},{"@type":"ListItem","position":2,"name":"NATURE AND ENVIRONMENT"}]},{"@type":"WebSite","@id":"https:\/\/timbercom.com\/#website","url":"https:\/\/timbercom.com\/","name":"TIMBERCOM - CHAPAS Y MADERAS","description":"Productores de todo tipo de chapas de madera, decorativas y ex\u00f3ticas, procedentes de todo el mundo. Para su uso en puertas, paneles, muebles, dise\u00f1o interior, arquitectura,suministramos chapas, tabl\u00f3n y troncos.","publisher":{"@id":"https:\/\/timbercom.com\/#organization"},"potentialAction":[{"@type":"SearchAction","target":{"@type":"EntryPoint","urlTemplate":"https:\/\/timbercom.com\/?s={search_term_string}"},"query-input":{"@type":"PropertyValueSpecification","valueRequired":true,"valueName":"search_term_string"}}],"inLanguage":"en-US"},{"@type":"Organization","@id":"https:\/\/timbercom.com\/#organization","name":"TIMBERCOM - CHAPAS Y MADERAS","url":"https:\/\/timbercom.com\/","logo":{"@type":"ImageObject","inLanguage":"en-US","@id":"https:\/\/timbercom.com\/#\/schema\/logo\/image\/","url":"https:\/\/timbercom.com\/wp-content\/uploads\/2023\/05\/logo_timbercom.png","contentUrl":"https:\/\/timbercom.com\/wp-content\/uploads\/2023\/05\/logo_timbercom.png","width":149,"height":124,"caption":"TIMBERCOM - CHAPAS Y MADERAS"},"image":{"@id":"https:\/\/timbercom.com\/#\/schema\/logo\/image\/"}}]}},"_links":{"self":[{"href":"https:\/\/timbercom.com\/en\/wp-json\/wp\/v2\/pages\/941","targetHints":{"allow":["GET"]}}],"collection":[{"href":"https:\/\/timbercom.com\/en\/wp-json\/wp\/v2\/pages"}],"about":[{"href":"https:\/\/timbercom.com\/en\/wp-json\/wp\/v2\/types\/page"}],"author":[{"embeddable":true,"href":"https:\/\/timbercom.com\/en\/wp-json\/wp\/v2\/users\/1"}],"replies":[{"embeddable":true,"href":"https:\/\/timbercom.com\/en\/wp-json\/wp\/v2\/comments?post=941"}],"version-history":[{"count":17,"href":"https:\/\/timbercom.com\/en\/wp-json\/wp\/v2\/pages\/941\/revisions"}],"predecessor-version":[{"id":1287,"href":"https:\/\/timbercom.com\/en\/wp-json\/wp\/v2\/pages\/941\/revisions\/1287"}],"wp:attachment":[{"href":"https:\/\/timbercom.com\/en\/wp-json\/wp\/v2\/media?parent=941"}],"curies":[{"name":"wp","href":"https:\/\/api.w.org\/{rel}","templated":true}]}}